{"id":17962,"date":"2023-01-15T18:43:53","date_gmt":"2023-01-15T15:43:53","guid":{"rendered":"https:\/\/www.odakdernegi.org\/?page_id=17962"},"modified":"2024-04-13T23:16:10","modified_gmt":"2024-04-13T20:16:10","slug":"duyuru-abonelik-formu","status":"publish","type":"page","link":"https:\/\/www.odakdernegi.org\/tr\/duyuru-abonelik-formu\/","title":{"rendered":"Duyuru Abonelik Formu"},"content":{"rendered":"\t\t<div data-elementor-type=\"wp-page\" data-elementor-id=\"17962\" class=\"elementor elementor-17962\" data-elementor-post-type=\"page\">\n\t\t\t\t\t\t<section class=\"elementor-section elementor-top-section elementor-element elementor-element-7bae164 elementor-section-boxed elementor-section-height-default elementor-section-height-default\" data-id=\"7bae164\" data-element_type=\"section\" data-settings=\"{&quot;background_background&quot;:&quot;classic&quot;}\">\n\t\t\t\t\t\t<div class=\"elementor-container elementor-column-gap-extended\">\n\t\t\t\t\t<div class=\"elementor-column elementor-col-100 elementor-top-column elementor-element elementor-element-15fffd7f\" data-id=\"15fffd7f\" data-element_type=\"column\">\n\t\t\t<div class=\"elementor-widget-wrap\">\n\t\t\t\t\t\t\t<\/div>\n\t\t<\/div>\n\t\t\t\t\t<\/div>\n\t\t<\/section>\n\t\t\t\t<section class=\"elementor-section elementor-top-section elementor-element elementor-element-3be8b48 elementor-section-boxed elementor-section-height-default elementor-section-height-default\" data-id=\"3be8b48\" data-element_type=\"section\">\n\t\t\t\t\t\t<div class=\"elementor-container elementor-column-gap-default\">\n\t\t\t\t\t<div class=\"elementor-column elementor-col-100 elementor-top-column elementor-element elementor-element-ccf135e\" data-id=\"ccf135e\" data-element_type=\"column\">\n\t\t\t<div class=\"elementor-widget-wrap elementor-element-populated\">\n\t\t\t\t\t\t<div class=\"elementor-element elementor-element-a17a0ff elementor-widget elementor-widget-text-editor\" data-id=\"a17a0ff\" data-element_type=\"widget\" data-widget_type=\"text-editor.default\">\n\t\t\t\t<div class=\"elementor-widget-container\">\n\t\t\t\t\t\t\t\t\t<p>Say\u0131n Ba\u015fvuru Sahibi,<\/p><p>Odak Derne\u011fi&#8217;ne \u00fcyelik ba\u015fvurusunda bulundu\u011funuz i\u00e7in te\u015fekk\u00fcr ederiz. Doldurdu\u011funuz bilgilerin \u00fcyelik ba\u015fvurusunu tamamlamad\u0131\u011f\u0131n\u0131, ba\u015fvurunuzun de\u011ferlendirilmek \u00fczere al\u0131nd\u0131\u011f\u0131n\u0131 belirtmek isteriz. Dernek yetkililerimiz, ba\u015fvurunuzla ilgili gerekli bilgi ve belgeler ile alakal\u0131 en k\u0131sa s\u00fcrede sizinle ileti\u015fime ge\u00e7ecektir. \u00dcyelik s\u00fcreci ve avantajlar\u0131 hakk\u0131nda daha fazla bilgi almak i\u00e7in l\u00fctfen bekleyiniz. Ba\u015fvurunuzun durumu hakk\u0131nda g\u00fcncel bilgilere ula\u015fmak i\u00e7in odak@odakdernegi.org adresinden bize ula\u015fabilirsiniz.<\/p><p style=\"text-align: left;\">Sayg\u0131lar\u0131m\u0131zla,<br \/>Odak Derne\u011fi<\/p>\t\t\t\t\t\t\t\t<\/div>\n\t\t\t\t<\/div>\n\t\t\t\t\t<\/div>\n\t\t<\/div>\n\t\t\t\t\t<\/div>\n\t\t<\/section>\n\t\t\t\t<section class=\"elementor-section elementor-top-section elementor-element elementor-element-a2aef1b elementor-section-boxed elementor-section-height-default elementor-section-height-default\" data-id=\"a2aef1b\" data-element_type=\"section\" data-settings=\"{&quot;background_background&quot;:&quot;classic&quot;}\">\n\t\t\t\t\t\t<div class=\"elementor-container elementor-column-gap-extended\">\n\t\t\t\t\t<div class=\"elementor-column elementor-col-100 elementor-top-column elementor-element elementor-element-b758c2a\" data-id=\"b758c2a\" data-element_type=\"column\" data-settings=\"{&quot;background_background&quot;:&quot;classic&quot;}\">\n\t\t\t<div class=\"elementor-widget-wrap elementor-element-populated\">\n\t\t\t\t\t\t<div class=\"elementor-element elementor-element-5d88bc7 elementor-widget elementor-widget-heading\" data-id=\"5d88bc7\" data-element_type=\"widget\" data-widget_type=\"heading.default\">\n\t\t\t\t<div class=\"elementor-widget-container\">\n\t\t\t\t\t<h2 class=\"elementor-heading-title elementor-size-default\">\u00dcYEL\u0130K BA\u015eVURU FORMU<\/h2>\t\t\t\t<\/div>\n\t\t\t\t<\/div>\n\t\t\t\t<div class=\"elementor-element elementor-element-ae2dc24 elementor-button-align-center elementor-widget elementor-widget-form\" data-id=\"ae2dc24\" data-element_type=\"widget\" data-settings=\"{&quot;step_next_label&quot;:&quot;Sonraki&quot;,&quot;step_previous_label&quot;:&quot;\\u00d6nceki&quot;,&quot;button_width&quot;:&quot;100&quot;,&quot;step_type&quot;:&quot;number_text&quot;,&quot;step_icon_shape&quot;:&quot;circle&quot;}\" data-widget_type=\"form.default\">\n\t\t\t\t<div class=\"elementor-widget-container\">\n\t\t\t\t\t\t\t<form class=\"elementor-form\" method=\"post\" name=\"Contact Form\" aria-label=\"Contact Form\">\n\t\t\t<input type=\"hidden\" name=\"post_id\" value=\"17962\"\/>\n\t\t\t<input type=\"hidden\" name=\"form_id\" value=\"ae2dc24\"\/>\n\t\t\t<input type=\"hidden\" name=\"referer_title\" value=\"Duyuru Abonelik Formu\" \/>\n\n\t\t\t\t\t\t\t<input type=\"hidden\" name=\"queried_id\" value=\"17962\"\/>\n\t\t\t\n\t\t\t<div class=\"elementor-form-fields-wrapper elementor-labels-\">\n\t\t\t\t\t\t\t\t<div class=\"elementor-field-type-text elementor-field-group elementor-column elementor-field-group-name elementor-col-100 elementor-field-required\">\n\t\t\t\t\t\t\t\t\t\t\t\t<label for=\"form-field-name\" class=\"elementor-field-label elementor-screen-only\">\n\t\t\t\t\t\t\t\tAd Soyad\t\t\t\t\t\t\t<\/label>\n\t\t\t\t\t\t\t\t\t\t\t\t\t\t<input size=\"1\" type=\"text\" name=\"form_fields[name]\" id=\"form-field-name\" class=\"elementor-field elementor-size-md  elementor-field-textual\" placeholder=\"Ad\u0131n\u0131z ve Soyad\u0131n\u0131z*\" required=\"required\">\n\t\t\t\t\t\t\t\t\t\t\t<\/div>\n\t\t\t\t\t\t\t\t<div class=\"elementor-field-type-email elementor-field-group elementor-column elementor-field-group-email elementor-col-50 elementor-field-required\">\n\t\t\t\t\t\t\t\t\t\t\t\t<label for=\"form-field-email\" class=\"elementor-field-label elementor-screen-only\">\n\t\t\t\t\t\t\t\te-Posta\t\t\t\t\t\t\t<\/label>\n\t\t\t\t\t\t\t\t\t\t\t\t\t\t<input size=\"1\" type=\"email\" name=\"form_fields[email]\" id=\"form-field-email\" class=\"elementor-field elementor-size-md  elementor-field-textual\" placeholder=\"e-Posta Adresiniz*\" required=\"required\">\n\t\t\t\t\t\t\t\t\t\t\t<\/div>\n\t\t\t\t\t\t\t\t<div class=\"elementor-field-type-tel elementor-field-group elementor-column elementor-field-group-field_2a317f5 elementor-col-50 elementor-field-required\">\n\t\t\t\t\t\t\t\t\t\t\t\t<label for=\"form-field-field_2a317f5\" class=\"elementor-field-label elementor-screen-only\">\n\t\t\t\t\t\t\t\tTelefon\t\t\t\t\t\t\t<\/label>\n\t\t\t\t\t\t\t\t<input size=\"1\" type=\"tel\" name=\"form_fields[field_2a317f5]\" id=\"form-field-field_2a317f5\" class=\"elementor-field elementor-size-md  elementor-field-textual\" placeholder=\"Telefon Numaran\u0131z*\" required=\"required\" pattern=\"[0-9()#&amp;+*-=.]+\" title=\"Only numbers and phone characters (#, -, *, etc) are accepted.\">\n\n\t\t\t\t\t\t<\/div>\n\t\t\t\t\t\t\t\t<div class=\"elementor-field-type-recaptcha_v3 elementor-field-group elementor-column elementor-field-group-field_fff47ed elementor-col-100 recaptcha_v3-bottomright\">\n\t\t\t\t\t<div class=\"elementor-field\" id=\"form-field-field_fff47ed\"><div class=\"elementor-g-recaptcha\" data-sitekey=\"6LdPDvwjAAAAAOoS_8-uTDg8bMbNCGqPUHsabdzd\" data-type=\"v3\" data-action=\"Form\" data-badge=\"bottomright\" data-size=\"invisible\"><\/div><\/div>\t\t\t\t<\/div>\n\t\t\t\t\t\t\t\t<div class=\"elementor-field-group elementor-column elementor-field-type-submit elementor-col-100 e-form__buttons\">\n\t\t\t\t\t<button class=\"elementor-button elementor-size-sm\" type=\"submit\">\n\t\t\t\t\t\t<span class=\"elementor-button-content-wrapper\">\n\t\t\t\t\t\t\t\t\t\t\t\t\t\t\t\t\t\t\t\t\t\t<span class=\"elementor-button-text\">KAYIT OL<\/span>\n\t\t\t\t\t\t\t\t\t\t\t\t\t<\/span>\n\t\t\t\t\t<\/button>\n\t\t\t\t<\/div>\n\t\t\t<\/div>\n\t\t<\/form>\n\t\t\t\t\t\t<\/div>\n\t\t\t\t<\/div>\n\t\t\t\t\t<\/div>\n\t\t<\/div>\n\t\t\t\t\t<\/div>\n\t\t<\/section>\n\t\t\t\t<\/div>\n\t\t","protected":false},"excerpt":{"rendered":"<p>Say\u0131n Ba\u015fvuru Sahibi, Odak Derne\u011fi&#8217;ne \u00fcyelik ba\u015fvurusunda bulundu\u011funuz i\u00e7in te\u015fekk\u00fcr ederiz. Doldurdu\u011funuz bilgilerin \u00fcyelik ba\u015fvurusunu tamamlamad\u0131\u011f\u0131n\u0131, ba\u015fvurunuzun de\u011ferlendirilmek \u00fczere al\u0131nd\u0131\u011f\u0131n\u0131 belirtmek isteriz. Dernek yetkililerimiz, ba\u015fvurunuzla ilgili gerekli bilgi ve belgeler ile alakal\u0131 en k\u0131sa s\u00fcrede sizinle ileti\u015fime ge\u00e7ecektir. \u00dcyelik s\u00fcreci ve avantajlar\u0131 hakk\u0131nda daha fazla bilgi almak i\u00e7in l\u00fctfen bekleyiniz. Ba\u015fvurunuzun durumu hakk\u0131nda g\u00fcncel bilgilere [&hellip;]<\/p>\n","protected":false},"author":1,"featured_media":0,"parent":0,"menu_order":0,"comment_status":"closed","ping_status":"closed","template":"elementor_header_footer","meta":{"_acf_changed":false,"give_campaign_id":0,"footnotes":""},"class_list":["post-17962","page","type-page","status-publish","hentry","entry"],"acf":[],"campaignId":"","_links":{"self":[{"href":"https:\/\/www.odakdernegi.org\/tr\/wp-json\/wp\/v2\/pages\/17962","targetHints":{"allow":["GET"]}}],"collection":[{"href":"https:\/\/www.odakdernegi.org\/tr\/wp-json\/wp\/v2\/pages"}],"about":[{"href":"https:\/\/www.odakdernegi.org\/tr\/wp-json\/wp\/v2\/types\/page"}],"author":[{"embeddable":true,"href":"https:\/\/www.odakdernegi.org\/tr\/wp-json\/wp\/v2\/users\/1"}],"replies":[{"embeddable":true,"href":"https:\/\/www.odakdernegi.org\/tr\/wp-json\/wp\/v2\/comments?post=17962"}],"version-history":[{"count":17,"href":"https:\/\/www.odakdernegi.org\/tr\/wp-json\/wp\/v2\/pages\/17962\/revisions"}],"predecessor-version":[{"id":18079,"href":"https:\/\/www.odakdernegi.org\/tr\/wp-json\/wp\/v2\/pages\/17962\/revisions\/18079"}],"wp:attachment":[{"href":"https:\/\/www.odakdernegi.org\/tr\/wp-json\/wp\/v2\/media?parent=17962"}],"curies":[{"name":"wp","href":"https:\/\/api.w.org\/{rel}","templated":true}]}}