{"id":17957,"date":"2023-01-15T18:41:37","date_gmt":"2023-01-15T15:41:37","guid":{"rendered":"https:\/\/www.odakdernegi.org\/?page_id=17957"},"modified":"2024-04-14T11:49:10","modified_gmt":"2024-04-14T08:49:10","slug":"tuzuk","status":"publish","type":"page","link":"https:\/\/www.odakdernegi.org\/tr\/tuzuk\/","title":{"rendered":"T\u00fcz\u00fck"},"content":{"rendered":"\t\t<div data-elementor-type=\"wp-page\" data-elementor-id=\"17957\" class=\"elementor elementor-17957\" data-elementor-post-type=\"page\">\n\t\t\t\t\t\t<section class=\"elementor-section elementor-top-section elementor-element elementor-element-500c5e9 elementor-section-boxed elementor-section-height-default elementor-section-height-default\" data-id=\"500c5e9\" data-element_type=\"section\" data-settings=\"{&quot;background_background&quot;:&quot;classic&quot;}\">\n\t\t\t\t\t\t<div class=\"elementor-container elementor-column-gap-extended\">\n\t\t\t\t\t<div class=\"elementor-column elementor-col-100 elementor-top-column elementor-element elementor-element-40e4d85\" data-id=\"40e4d85\" data-element_type=\"column\">\n\t\t\t<div class=\"elementor-widget-wrap\">\n\t\t\t\t\t\t\t<\/div>\n\t\t<\/div>\n\t\t\t\t\t<\/div>\n\t\t<\/section>\n\t\t\t\t<section class=\"elementor-section elementor-top-section elementor-element elementor-element-db76385 elementor-section-boxed elementor-section-height-default elementor-section-height-default\" data-id=\"db76385\" data-element_type=\"section\">\n\t\t\t\t\t\t<div class=\"elementor-container elementor-column-gap-default\">\n\t\t\t\t\t<div class=\"elementor-column elementor-col-33 elementor-top-column elementor-element elementor-element-e4b8fb3\" data-id=\"e4b8fb3\" data-element_type=\"column\">\n\t\t\t<div class=\"elementor-widget-wrap elementor-element-populated\">\n\t\t\t\t\t\t<div class=\"elementor-element elementor-element-db11eff elementor-widget__width-initial elementor-widget elementor-widget-text-editor\" data-id=\"db11eff\" data-element_type=\"widget\" data-widget_type=\"text-editor.default\">\n\t\t\t\t<div class=\"elementor-widget-container\">\n\t\t\t\t\t\t\t\t\t<p style=\"text-align: left;\"><strong>ODAK DERNE\u011e\u0130 <br \/>T\u00dcZ\u00dcK B\u0130LG\u0130LER\u0130<\/strong><br \/><strong>Tescil No:<\/strong> 06-133-104<br \/><strong>Adres:<\/strong> O\u011fuzlar Mah. S\u00fcleyman<br \/>Haciabdullaho\u011flu No.32 \u00c7ankaya\/Ankara<br \/><strong>E-posta:<\/strong> odak@odakdernegi.org<br \/><strong>Web:<\/strong> www.odak.ngo<\/p>\t\t\t\t\t\t\t\t<\/div>\n\t\t\t\t<\/div>\n\t\t\t\t\t<\/div>\n\t\t<\/div>\n\t\t\t\t<div class=\"elementor-column elementor-col-66 elementor-top-column elementor-element elementor-element-1f76167\" data-id=\"1f76167\" data-element_type=\"column\">\n\t\t\t<div class=\"elementor-widget-wrap elementor-element-populated\">\n\t\t\t\t\t\t<div class=\"elementor-element elementor-element-b13155f elementor-widget elementor-widget-image\" data-id=\"b13155f\" data-element_type=\"widget\" data-widget_type=\"image.default\">\n\t\t\t\t<div class=\"elementor-widget-container\">\n\t\t\t\t\t\t\t\t\t\t\t\t\t\t\t<img fetchpriority=\"high\" decoding=\"async\" width=\"1024\" height=\"362\" src=\"http:\/\/www.odakdernegi.org\/wp-content\/uploads\/2024\/04\/Sosyalyardimlar_Boyutlandirilmis-1024x362.png\" class=\"attachment-large size-large wp-image-18062\" alt=\"\" srcset=\"http:\/\/www.odakdernegi.org\/wp-content\/uploads\/2024\/04\/Sosyalyardimlar_Boyutlandirilmis-1024x362.png 1024w, http:\/\/www.odakdernegi.org\/wp-content\/uploads\/2024\/04\/Sosyalyardimlar_Boyutlandirilmis-300x106.png 300w, http:\/\/www.odakdernegi.org\/wp-content\/uploads\/2024\/04\/Sosyalyardimlar_Boyutlandirilmis-768x272.png 768w, http:\/\/www.odakdernegi.org\/wp-content\/uploads\/2024\/04\/Sosyalyardimlar_Boyutlandirilmis-18x6.png 18w, http:\/\/www.odakdernegi.org\/wp-content\/uploads\/2024\/04\/Sosyalyardimlar_Boyutlandirilmis.png 1123w\" sizes=\"(max-width: 1024px) 100vw, 1024px\" \/>\t\t\t\t\t\t\t\t\t\t\t\t\t\t\t<\/div>\n\t\t\t\t<\/div>\n\t\t\t\t\t<\/div>\n\t\t<\/div>\n\t\t\t\t\t<\/div>\n\t\t<\/section>\n\t\t\t\t<section class=\"elementor-section elementor-top-section elementor-element elementor-element-795a1f2 elementor-section-boxed elementor-section-height-default elementor-section-height-default\" data-id=\"795a1f2\" data-element_type=\"section\">\n\t\t\t\t\t\t<div class=\"elementor-container elementor-column-gap-default\">\n\t\t\t\t\t<div class=\"elementor-column elementor-col-100 elementor-top-column elementor-element elementor-element-6f4c986\" data-id=\"6f4c986\" data-element_type=\"column\">\n\t\t\t<div class=\"elementor-widget-wrap elementor-element-populated\">\n\t\t\t\t\t\t<section class=\"elementor-section elementor-inner-section elementor-element elementor-element-b31f3c4 elementor-section-boxed elementor-section-height-default elementor-section-height-default\" data-id=\"b31f3c4\" data-element_type=\"section\">\n\t\t\t\t\t\t<div class=\"elementor-container elementor-column-gap-default\">\n\t\t\t\t\t<div class=\"elementor-column elementor-col-50 elementor-inner-column elementor-element elementor-element-2e76cec\" data-id=\"2e76cec\" data-element_type=\"column\">\n\t\t\t<div class=\"elementor-widget-wrap elementor-element-populated\">\n\t\t\t\t\t\t<div class=\"elementor-element elementor-element-8f1852b elementor-widget__width-initial elementor-widget elementor-widget-text-editor\" data-id=\"8f1852b\" data-element_type=\"widget\" data-widget_type=\"text-editor.default\">\n\t\t\t\t<div class=\"elementor-widget-container\">\n\t\t\t\t\t\t\t\t\t<p style=\"text-align: justify;\"><strong>Derne\u011fin Amac\u0131<\/strong><br \/><span style=\"color: var( --e-global-color-text ); font-family: var( --e-global-typography-text-font-family ), Sans-serif; font-weight: var( --e-global-typography-text-font-weight ); letter-spacing: 0px;\">Odak Derne\u011fi, toplumun her kesiminden bireylerin temel ya\u015fam ihtiya\u00e7lar\u0131n\u0131 kar\u015f\u0131lamak, refah d\u00fczeylerini y\u00fckseltmek ve ya\u015fam kalitelerini artt\u0131rmak \u00fczere hareket eden bir sivil toplum kurulu\u015fudur.<\/span><\/p><p style=\"text-align: justify;\"><span style=\"color: var( --e-global-color-text ); font-family: var( --e-global-typography-text-font-family ), Sans-serif; font-weight: var( --e-global-typography-text-font-weight ); letter-spacing: 0px;\">Derne\u011fimizin amac\u0131, ekonomik zorluklarla m\u00fccadele eden, afet ve acil durumlar nedeniyle ma\u011fdur olmu\u015f veya olma riski ta\u015f\u0131yan birey ve topluluklara y\u00f6nelik kapsaml\u0131 insani yard\u0131m faaliyetleri y\u00fcr\u00fctmek; bar\u0131nma, g\u0131da yard\u0131m\u0131, hijyenik ya\u015fam ko\u015fullar\u0131, temiz su temini ve at\u0131k y\u00f6netimi gibi temel ya\u015fam ko\u015fullar\u0131n\u0131n sa\u011flanmas\u0131 ve s\u00fcrd\u00fcr\u00fclmesine katk\u0131da bulunmakt\u0131r. Bununla birlikte, Odak derne\u011fi, toplumun kar\u015f\u0131la\u015ft\u0131\u011f\u0131 zorluklar\u0131 tespit ederek bu zorluklara yenilik\u00e7i \u00e7\u00f6z\u00fcmler \u00fcretmeyi ama\u00e7lamakta; bilimsel ara\u015ft\u0131rmalar, e\u011fitsel ve sosyal programlar arac\u0131l\u0131\u011f\u0131yla toplumsal fark\u0131ndal\u0131\u011f\u0131 art\u0131rmay\u0131 ve bireylerin sosyo-k\u00fclt\u00fcrel entegrasyonunu desteklemeyi hedeflemektedir.<br \/><\/span><span style=\"color: var( --e-global-color-text ); font-family: var( --e-global-typography-text-font-family ), Sans-serif; font-weight: var( --e-global-typography-text-font-weight ); letter-spacing: 0px;\"><br \/>Bu do\u011frultuda, konferanslar, kongreler, sempozyumlar, seminerler, fuarlar, paneller, sergiler, konserler, toplant\u0131lar ve bilimsel ara\u015ft\u0131rmalar gibi \u00e7e\u015fitli platformlarda, ilgili birey ve kurumlar\u0131 bir araya getirecek etkinlikler d\u00fczenleyerek, toplumun her kesimine y\u00f6nelik bilgi ve deneyim payla\u015f\u0131m\u0131 sa\u011flamay\u0131 ama\u00e7lamaktad\u0131r.<br \/><\/span><span style=\"color: var( --e-global-color-text ); font-family: var( --e-global-typography-text-font-family ), Sans-serif; font-weight: var( --e-global-typography-text-font-weight ); letter-spacing: 0px;\"><br \/>Dernek ayr\u0131ca, \u00e7al\u0131\u015fma alanlar\u0131yla ilgili bilimsel ara\u015ft\u0131rmalar yapmak, sosyal tabanl\u0131 plan ve projeler geli\u015ftirmek, bu projeleri uygulamak ve proje bazl\u0131 ortakl\u0131klar kurmak; yaz\u0131l\u0131, s\u00f6zl\u00fc ve g\u00f6rsel medya \u00e7al\u0131\u015fmalar\u0131 y\u00fcr\u00fctmek, i\u00e7erik \u00fcretmek ve yay\u0131mlamak suretiyle misyonunu geni\u015f bir kitleye ula\u015ft\u0131rmay\u0131 ve etkisini art\u0131rmay\u0131 hedeflemektedir. Bu \u00e7er\u00e7evede, Odak Derne\u011fi, toplumun genel refah\u0131n\u0131 art\u0131rma, toplumsal dayan\u0131\u015fmay\u0131 g\u00fc\u00e7lendirme ve her bireyin daha iyi bir ya\u015fam s\u00fcrd\u00fcrebilmesi i\u00e7in gerekli ko\u015fullar\u0131 olu\u015fturma amac\u0131n\u0131 ta\u015f\u0131maktad\u0131r.<\/span><\/p><p>\u00a0<\/p>\t\t\t\t\t\t\t\t<\/div>\n\t\t\t\t<\/div>\n\t\t\t\t\t<\/div>\n\t\t<\/div>\n\t\t\t\t<div class=\"elementor-column elementor-col-50 elementor-inner-column elementor-element elementor-element-b151123\" data-id=\"b151123\" data-element_type=\"column\">\n\t\t\t<div class=\"elementor-widget-wrap elementor-element-populated\">\n\t\t\t\t\t\t<div class=\"elementor-element elementor-element-2bd0b1d elementor-widget elementor-widget-text-editor\" data-id=\"2bd0b1d\" data-element_type=\"widget\" data-widget_type=\"text-editor.default\">\n\t\t\t\t<div class=\"elementor-widget-container\">\n\t\t\t\t\t\t\t\t\t<p class=\"MsoNormal\" style=\"line-height: 150%; text-align: Justify;\"><b><span lang=\"EN-US\">\u00c7al\u0131\u015fma Konular\u0131 ve Faaliyet \u015eekli<\/span><\/b><\/p>\n<p class=\"MsoNormal\" style=\"line-height: 150%; text-align: left;\"><span lang=\"EN-US\">Derne\u011fimiz ama\u00e7lar\u0131n\u0131 ger\u00e7ekle\u015ftirmek \u00fczere;<\/span><\/p>\n<p class=\"MsoListParagraphCxSpFirst\" style=\"text-indent: -18pt; line-height: 150%; text-align: left;\"><!-- [if !supportLists]--><span lang=\"EN-US\">1.<span style=\"font-variant-numeric: normal; font-variant-east-asian: normal; font-variant-alternates: normal; font-kerning: auto; font-optical-sizing: auto; font-feature-settings: normal; font-variation-settings: normal; font-variant-position: normal; font-stretch: normal; font-size: 7pt; line-height: normal; font-family: 'Times New Roman';\">\u00a0\u00a0\u00a0\u00a0\u00a0 <\/span><\/span><!--[endif]--><span lang=\"EN-US\">\u00dcyeler aras\u0131 ileti\u015fimin ve a\u011f\u0131n geli\u015fmesini sa\u011flar.<\/span><\/p>\n<p class=\"MsoListParagraphCxSpMiddle\" style=\"text-indent: -18pt; line-height: 150%; text-align: left;\"><!-- [if !supportLists]--><span lang=\"EN-US\">2.<span style=\"font-variant-numeric: normal; font-variant-east-asian: normal; font-variant-alternates: normal; font-kerning: auto; font-optical-sizing: auto; font-feature-settings: normal; font-variation-settings: normal; font-variant-position: normal; font-stretch: normal; font-size: 7pt; line-height: normal; font-family: 'Times New Roman';\">\u00a0\u00a0\u00a0\u00a0\u00a0 <\/span><\/span><!--[endif]--><span lang=\"EN-US\">\u0130htiya\u00e7 sahiplerinin temel ve asgari ya\u015fam ko\u015fullar\u0131n\u0131n sa\u011flanmas\u0131 ve bu ko\u015fullar\u0131n devam\u0131na y\u00f6nelik temel (bar\u0131nma ve g\u0131da yard\u0131m\u0131, hijyenik ortam\u0131n sa\u011flanmas\u0131, temiz su temini ve at\u0131k y\u00f6netimi vb.) ve psiko-sosyal ihtiya\u00e7lar\u0131 tespit ve temin etme gibi yard\u0131m \u00e7al\u0131\u015fmas\u0131 y\u00fcr\u00fctebilir.<\/span><\/p>\n<p class=\"MsoListParagraphCxSpMiddle\" style=\"text-indent: -18pt; line-height: 150%; text-align: left;\"><!-- [if !supportLists]--><span lang=\"EN-US\">3.<span style=\"font-variant-numeric: normal; font-variant-east-asian: normal; font-variant-alternates: normal; font-kerning: auto; font-optical-sizing: auto; font-feature-settings: normal; font-variation-settings: normal; font-variant-position: normal; font-stretch: normal; font-size: 7pt; line-height: normal; font-family: 'Times New Roman';\">\u00a0\u00a0\u00a0\u00a0\u00a0 <\/span><\/span><!--[endif]--><span lang=\"EN-US\">\u0130htiya\u00e7 sahiplerinin menfaatine y\u00f6nelik ilgili ki\u015fi ve kurumlar\u0131n bir araya gelebilece\u011fi konferans, kongre, sempozyum, seminer, fuar, panel, sergi, konser, toplant\u0131, bilimsel ara\u015ft\u0131rma vb.her t\u00fcrl\u00fc bilimsel, e\u011fitsel ve sosyal \u00e7al\u0131\u015fmalar y\u00fcr\u00fctebilir.<\/span><\/p>\n<p class=\"MsoListParagraphCxSpMiddle\" style=\"text-indent: -18pt; line-height: 150%; text-align: left;\"><!-- [if !supportLists]--><span lang=\"EN-US\">4.<span style=\"font-variant-numeric: normal; font-variant-east-asian: normal; font-variant-alternates: normal; font-kerning: auto; font-optical-sizing: auto; font-feature-settings: normal; font-variation-settings: normal; font-variant-position: normal; font-stretch: normal; font-size: 7pt; line-height: normal; font-family: 'Times New Roman';\">\u00a0\u00a0\u00a0\u00a0\u00a0 <\/span><\/span><!--[endif]--><span lang=\"EN-US\">\u00c7al\u0131\u015fma alanlar\u0131yla ilgili bilimsel ara\u015ft\u0131rma ve sosyal tabanl\u0131 plan ve projeler geli\u015ftirebilir, uygulayabilir ve proje bazl\u0131 ortakl\u0131k kurabilir.<\/span><\/p>\n<p class=\"MsoListParagraphCxSpMiddle\" style=\"text-indent: -18pt; line-height: 150%; text-align: left;\"><!-- [if !supportLists]--><span lang=\"EN-US\">5.<span style=\"font-variant-numeric: normal; font-variant-east-asian: normal; font-variant-alternates: normal; font-kerning: auto; font-optical-sizing: auto; font-feature-settings: normal; font-variation-settings: normal; font-variant-position: normal; font-stretch: normal; font-size: 7pt; line-height: normal; font-family: 'Times New Roman';\">\u00a0\u00a0\u00a0\u00a0\u00a0 <\/span><\/span><!--[endif]--><span lang=\"EN-US\">Yaz\u0131l\u0131, s\u00f6zl\u00fc ve g\u00f6rsel medya \u00e7al\u0131\u015fmalar\u0131 y\u00fcr\u00fctebilir, i\u00e7erik \u00fcretebilir ve yay\u0131mlayabilir.<\/span><\/p>\n<p class=\"MsoListParagraphCxSpMiddle\" style=\"text-indent: -18pt; line-height: 150%; text-align: left;\"><!-- [if !supportLists]--><span lang=\"EN-US\">6.<span style=\"font-variant-numeric: normal; font-variant-east-asian: normal; font-variant-alternates: normal; font-kerning: auto; font-optical-sizing: auto; font-feature-settings: normal; font-variation-settings: normal; font-variant-position: normal; font-stretch: normal; font-size: 7pt; line-height: normal; font-family: 'Times New Roman';\">\u00a0\u00a0\u00a0\u00a0\u00a0 <\/span><\/span><!--[endif]--><span lang=\"EN-US\">\u0130htiya\u00e7 sahiplerine y\u00f6nelik ayni ( yemek kart\u0131, market karti, sosyal kart, ula\u015f\u0131m kart\u0131 vb.) ve nakdi yard\u0131m yapabilir. <\/span><\/p>\n<p class=\"MsoListParagraphCxSpMiddle\" style=\"text-indent: -18pt; line-height: 150%; text-align: left;\"><!-- [if !supportLists]--><span lang=\"EN-US\">7.<span style=\"font-variant-numeric: normal; font-variant-east-asian: normal; font-variant-alternates: normal; font-kerning: auto; font-optical-sizing: auto; font-feature-settings: normal; font-variation-settings: normal; font-variant-position: normal; font-stretch: normal; font-size: 7pt; line-height: normal; font-family: 'Times New Roman';\">\u00a0\u00a0\u00a0\u00a0\u00a0 <\/span><\/span><!--[endif]--><span lang=\"EN-US\">\u0130htiya\u00e7 sahibi \u00f6\u011frencilere y\u00f6nelik burs, ba\u011f\u0131\u015f, k\u0131rtasiye ve giyim deste\u011fi gibi yard\u0131mlarda bulunabilir.<\/span><\/p>\n<p class=\"MsoListParagraphCxSpMiddle\" style=\"text-indent: -18pt; line-height: 150%; text-align: left;\"><!-- [if !supportLists]--><span lang=\"EN-US\">8.<span style=\"font-variant-numeric: normal; font-variant-east-asian: normal; font-variant-alternates: normal; font-kerning: auto; font-optical-sizing: auto; font-feature-settings: normal; font-variation-settings: normal; font-variant-position: normal; font-stretch: normal; font-size: 7pt; line-height: normal; font-family: 'Times New Roman';\">\u00a0\u00a0\u00a0\u00a0\u00a0 <\/span><\/span><!--[endif]--><span lang=\"EN-US\">Sosyal kampanyalar ve ileti\u015fim kampanyalar\u0131 y\u00fcr\u00fctebilir.<\/span><\/p>\n<p class=\"MsoListParagraphCxSpMiddle\" style=\"text-indent: -18pt; line-height: 150%; text-align: left;\"><!-- [if !supportLists]--><span lang=\"EN-US\">9.<span style=\"font-variant-numeric: normal; font-variant-east-asian: normal; font-variant-alternates: normal; font-kerning: auto; font-optical-sizing: auto; font-feature-settings: normal; font-variation-settings: normal; font-variant-position: normal; font-stretch: normal; font-size: 7pt; line-height: normal; font-family: 'Times New Roman';\">\u00a0\u00a0\u00a0\u00a0\u00a0 <\/span><\/span><!--[endif]--><span lang=\"EN-US\">Her t\u00fcrl\u00fc insan hakk\u0131na y\u00f6nelik savunuculuk faaliyeti y\u00fcr\u00fctebilir ve giri\u015fimde bulunabilir. <\/span><\/p>\n<p class=\"MsoListParagraphCxSpMiddle\" style=\"text-indent: -18pt; line-height: 150%; text-align: left;\"><!-- [if !supportLists]--><span lang=\"EN-US\">10.<span style=\"font-variant-numeric: normal; font-variant-east-asian: normal; font-variant-alternates: normal; font-kerning: auto; font-optical-sizing: auto; font-feature-settings: normal; font-variation-settings: normal; font-variant-position: normal; font-stretch: normal; font-size: 7pt; line-height: normal; font-family: 'Times New Roman';\">\u00a0 <\/span><\/span><!--[endif]--><span lang=\"EN-US\">\u0130lgili kanunlar, mevzuatlar ve i\u015fbu t\u00fcz\u00fc\u011fe uygun olmas\u0131\u00a0 \u015fart\u0131yla yurt i\u00e7inden ve yurt d\u0131\u015f\u0131ndan ba\u011f\u0131\u015f toplayabilir, \u015fartl\u0131\/\u015farts\u0131z vasiyetleri kabul edebilir.<\/span><\/p>\n<p class=\"MsoListParagraphCxSpMiddle\" style=\"text-indent: -18pt; line-height: 150%; text-align: left;\"><!-- [if !supportLists]--><span lang=\"EN-US\">11.<span style=\"font-variant-numeric: normal; font-variant-east-asian: normal; font-variant-alternates: normal; font-kerning: auto; font-optical-sizing: auto; font-feature-settings: normal; font-variation-settings: normal; font-variant-position: normal; font-stretch: normal; font-size: 7pt; line-height: normal; font-family: 'Times New Roman';\">\u00a0 <\/span><\/span><!--[endif]--><span lang=\"EN-US\">Ama\u00e7lar\u0131 ger\u00e7ekle\u015ftirmek \u00fczere ihtiya\u00e7 duyulan gelirin sa\u011flanmas\u0131 ve s\u00fcrd\u00fcr\u00fclebilirlik i\u00e7in iktisadi, ticari ve sanayi i\u015fletmeleri kurabilir, ortak olabilir. <\/span><\/p>\n<p style=\"text-align: left;\"><\/p>\n<p class=\"MsoListParagraphCxSpLast\" style=\"text-indent: -18pt; line-height: 150%; text-align: left;\"><!-- [if !supportLists]--><span lang=\"EN-US\">12.<span style=\"font-variant-numeric: normal; font-variant-east-asian: normal; font-variant-alternates: normal; font-kerning: auto; font-optical-sizing: auto; font-feature-settings: normal; font-variation-settings: normal; font-variant-position: normal; font-stretch: normal; font-size: 7pt; line-height: normal; font-family: 'Times New Roman';\">\u00a0 <\/span><\/span><!--[endif]--><span lang=\"EN-US\">\u0130htiya\u00e7 duyulmas\u0131 halinde dernek, yurt i\u00e7i ve yurt d\u0131\u015f\u0131nda \u015fubeler ve temsilcilikler a\u00e7abilir.\u00a0<\/span><\/p>\t\t\t\t\t\t\t\t<\/div>\n\t\t\t\t<\/div>\n\t\t\t\t\t<\/div>\n\t\t<\/div>\n\t\t\t\t\t<\/div>\n\t\t<\/section>\n\t\t\t\t\t<\/div>\n\t\t<\/div>\n\t\t\t\t\t<\/div>\n\t\t<\/section>\n\t\t\t\t<\/div>\n\t\t","protected":false},"excerpt":{"rendered":"<p>ODAK DERNE\u011e\u0130 T\u00dcZ\u00dcK B\u0130LG\u0130LER\u0130Tescil No: 06-133-104Adres: O\u011fuzlar Mah. S\u00fcleymanHaciabdullaho\u011flu No.32 \u00c7ankaya\/AnkaraE-posta: odak@odakdernegi.orgWeb: www.odak.ngo Derne\u011fin Amac\u0131Odak Derne\u011fi, toplumun her kesiminden bireylerin temel ya\u015fam ihtiya\u00e7lar\u0131n\u0131 kar\u015f\u0131lamak, refah d\u00fczeylerini y\u00fckseltmek ve ya\u015fam kalitelerini artt\u0131rmak \u00fczere hareket eden bir sivil toplum kurulu\u015fudur. Derne\u011fimizin amac\u0131, ekonomik zorluklarla m\u00fccadele eden, afet ve acil durumlar nedeniyle ma\u011fdur olmu\u015f veya olma riski ta\u015f\u0131yan [&hellip;]<\/p>\n","protected":false},"author":1,"featured_media":0,"parent":0,"menu_order":0,"comment_status":"closed","ping_status":"closed","template":"elementor_header_footer","meta":{"_acf_changed":false,"give_campaign_id":0,"footnotes":""},"class_list":["post-17957","page","type-page","status-publish","hentry","entry"],"acf":[],"campaignId":"","_links":{"self":[{"href":"https:\/\/www.odakdernegi.org\/tr\/wp-json\/wp\/v2\/pages\/17957","targetHints":{"allow":["GET"]}}],"collection":[{"href":"https:\/\/www.odakdernegi.org\/tr\/wp-json\/wp\/v2\/pages"}],"about":[{"href":"https:\/\/www.odakdernegi.org\/tr\/wp-json\/wp\/v2\/types\/page"}],"author":[{"embeddable":true,"href":"https:\/\/www.odakdernegi.org\/tr\/wp-json\/wp\/v2\/users\/1"}],"replies":[{"embeddable":true,"href":"https:\/\/www.odakdernegi.org\/tr\/wp-json\/wp\/v2\/comments?post=17957"}],"version-history":[{"count":10,"href":"https:\/\/www.odakdernegi.org\/tr\/wp-json\/wp\/v2\/pages\/17957\/revisions"}],"predecessor-version":[{"id":18088,"href":"https:\/\/www.odakdernegi.org\/tr\/wp-json\/wp\/v2\/pages\/17957\/revisions\/18088"}],"wp:attachment":[{"href":"https:\/\/www.odakdernegi.org\/tr\/wp-json\/wp\/v2\/media?parent=17957"}],"curies":[{"name":"wp","href":"https:\/\/api.w.org\/{rel}","templated":true}]}}