{"id":18584,"date":"2025-10-13T18:29:42","date_gmt":"2025-10-13T15:29:42","guid":{"rendered":"https:\/\/www.odakdernegi.org\/?page_id=18584"},"modified":"2025-10-13T19:46:08","modified_gmt":"2025-10-13T16:46:08","slug":"etik","status":"publish","type":"page","link":"https:\/\/www.odakdernegi.org\/en\/etik\/","title":{"rendered":"Etik ve Uyum"},"content":{"rendered":"<div data-elementor-type=\"wp-page\" data-elementor-id=\"18584\" class=\"elementor elementor-18584\" data-elementor-post-type=\"page\">\n\t\t\t\t\t\t<section class=\"elementor-section elementor-top-section elementor-element elementor-element-795a1f2 elementor-section-boxed elementor-section-height-default elementor-section-height-default\" data-id=\"795a1f2\" data-element_type=\"section\">\n\t\t\t\t\t\t<div class=\"elementor-container elementor-column-gap-default\">\n\t\t\t\t\t<div class=\"elementor-column elementor-col-100 elementor-top-column elementor-element elementor-element-6f4c986\" data-id=\"6f4c986\" data-element_type=\"column\">\n\t\t\t<div class=\"elementor-widget-wrap\">\n\t\t\t\t\t\t\t<\/div>\n\t\t<\/div>\n\t\t\t\t\t<\/div>\n\t\t<\/section>\n\t\t\t\t<section class=\"elementor-section elementor-top-section elementor-element elementor-element-ae4627a elementor-section-boxed elementor-section-height-default elementor-section-height-default\" data-id=\"ae4627a\" data-element_type=\"section\">\n\t\t\t\t\t\t<div class=\"elementor-container elementor-column-gap-default\">\n\t\t\t\t\t<div class=\"elementor-column elementor-col-100 elementor-top-column elementor-element elementor-element-0faa095\" data-id=\"0faa095\" data-element_type=\"column\">\n\t\t\t<div class=\"elementor-widget-wrap\">\n\t\t\t\t\t\t\t<\/div>\n\t\t<\/div>\n\t\t\t\t\t<\/div>\n\t\t<\/section>\n\t\t\t\t<section class=\"elementor-section elementor-top-section elementor-element elementor-element-bc3d4a8 elementor-section-boxed elementor-section-height-default elementor-section-height-default\" data-id=\"bc3d4a8\" data-element_type=\"section\">\n\t\t\t\t\t\t<div class=\"elementor-container elementor-column-gap-default\">\n\t\t\t\t\t<div class=\"elementor-column elementor-col-100 elementor-top-column elementor-element elementor-element-605bdd9\" data-id=\"605bdd9\" data-element_type=\"column\">\n\t\t\t<div class=\"elementor-widget-wrap elementor-element-populated\">\n\t\t\t\t\t\t<div class=\"elementor-element elementor-element-82e00d7 elementor-widget__width-inherit elementor-widget elementor-widget-image\" data-id=\"82e00d7\" data-element_type=\"widget\" data-widget_type=\"image.default\">\n\t\t\t\t<div class=\"elementor-widget-container\">\n\t\t\t\t\t\t\t\t\t\t\t\t\t\t\t<img fetchpriority=\"high\" decoding=\"async\" width=\"1920\" height=\"162\" src=\"https:\/\/www.odakdernegi.org\/wp-content\/uploads\/2025\/10\/Untitled-design-40.png\" class=\"attachment-full size-full wp-image-18615\" alt=\"\" srcset=\"https:\/\/www.odakdernegi.org\/wp-content\/uploads\/2025\/10\/Untitled-design-40.png 1920w, https:\/\/www.odakdernegi.org\/wp-content\/uploads\/2025\/10\/Untitled-design-40-300x25.png 300w, https:\/\/www.odakdernegi.org\/wp-content\/uploads\/2025\/10\/Untitled-design-40-1024x86.png 1024w, https:\/\/www.odakdernegi.org\/wp-content\/uploads\/2025\/10\/Untitled-design-40-768x65.png 768w, https:\/\/www.odakdernegi.org\/wp-content\/uploads\/2025\/10\/Untitled-design-40-1536x130.png 1536w, https:\/\/www.odakdernegi.org\/wp-content\/uploads\/2025\/10\/Untitled-design-40-18x2.png 18w, https:\/\/www.odakdernegi.org\/wp-content\/uploads\/2025\/10\/Untitled-design-40-1568x132.png 1568w\" sizes=\"(max-width: 34.9rem) calc(100vw - 2rem), (max-width: 53rem) calc(8 * (100vw \/ 12)), (min-width: 53rem) calc(6 * (100vw \/ 12)), 100vw\" \/>\t\t\t\t\t\t\t\t\t\t\t\t\t\t\t<\/div>\n\t\t\t\t<\/div>\n\t\t\t\t\t<\/div>\n\t\t<\/div>\n\t\t\t\t\t<\/div>\n\t\t<\/section>\n\t\t\t\t<section class=\"elementor-section elementor-top-section elementor-element elementor-element-bfc31a2 elementor-section-boxed elementor-section-height-default elementor-section-height-default\" data-id=\"bfc31a2\" data-element_type=\"section\">\n\t\t\t\t\t\t<div class=\"elementor-container elementor-column-gap-default\">\n\t\t\t\t\t<div class=\"elementor-column elementor-col-100 elementor-top-column elementor-element elementor-element-36e61a6\" data-id=\"36e61a6\" data-element_type=\"column\">\n\t\t\t<div class=\"elementor-widget-wrap elementor-element-populated\">\n\t\t\t\t\t\t<div class=\"elementor-element elementor-element-3458ca5 elementor-widget elementor-widget-image\" data-id=\"3458ca5\" data-element_type=\"widget\" data-widget_type=\"image.default\">\n\t\t\t\t<div class=\"elementor-widget-container\">\n\t\t\t\t\t\t\t\t\t\t\t\t\t\t\t<img decoding=\"async\" width=\"1400\" height=\"540\" src=\"https:\/\/www.odakdernegi.org\/wp-content\/uploads\/2025\/10\/pixma.com-345-466-897-pixma@mail.com-1400-x-460-px-1400-x-540-px-5.png\" class=\"attachment-full size-full wp-image-18586\" alt=\"\" srcset=\"https:\/\/www.odakdernegi.org\/wp-content\/uploads\/2025\/10\/pixma.com-345-466-897-pixma@mail.com-1400-x-460-px-1400-x-540-px-5.png 1400w, https:\/\/www.odakdernegi.org\/wp-content\/uploads\/2025\/10\/pixma.com-345-466-897-pixma@mail.com-1400-x-460-px-1400-x-540-px-5-300x116.png 300w, https:\/\/www.odakdernegi.org\/wp-content\/uploads\/2025\/10\/pixma.com-345-466-897-pixma@mail.com-1400-x-460-px-1400-x-540-px-5-1024x395.png 1024w, https:\/\/www.odakdernegi.org\/wp-content\/uploads\/2025\/10\/pixma.com-345-466-897-pixma@mail.com-1400-x-460-px-1400-x-540-px-5-768x296.png 768w, https:\/\/www.odakdernegi.org\/wp-content\/uploads\/2025\/10\/pixma.com-345-466-897-pixma@mail.com-1400-x-460-px-1400-x-540-px-5-18x7.png 18w\" sizes=\"(max-width: 34.9rem) calc(100vw - 2rem), (max-width: 53rem) calc(8 * (100vw \/ 12)), (min-width: 53rem) calc(6 * (100vw \/ 12)), 100vw\" \/>\t\t\t\t\t\t\t\t\t\t\t\t\t\t\t<\/div>\n\t\t\t\t<\/div>\n\t\t\t\t\t<\/div>\n\t\t<\/div>\n\t\t\t\t\t<\/div>\n\t\t<\/section>\n\t\t\t\t<section class=\"elementor-section elementor-top-section elementor-element elementor-element-165a2b1 elementor-section-boxed elementor-section-height-default elementor-section-height-default\" data-id=\"165a2b1\" data-element_type=\"section\">\n\t\t\t\t\t\t<div class=\"elementor-container elementor-column-gap-default\">\n\t\t\t\t\t<div class=\"elementor-column elementor-col-33 elementor-top-column elementor-element elementor-element-e12ec8d\" data-id=\"e12ec8d\" data-element_type=\"column\">\n\t\t\t<div class=\"elementor-widget-wrap\">\n\t\t\t\t\t\t\t<\/div>\n\t\t<\/div>\n\t\t\t\t<div class=\"elementor-column elementor-col-66 elementor-top-column elementor-element elementor-element-2b8601d\" data-id=\"2b8601d\" data-element_type=\"column\">\n\t\t\t<div class=\"elementor-widget-wrap elementor-element-populated\">\n\t\t\t\t\t\t<div class=\"elementor-element elementor-element-849d651 elementor-widget elementor-widget-heading\" data-id=\"849d651\" data-element_type=\"widget\" data-widget_type=\"heading.default\">\n\t\t\t\t<div class=\"elementor-widget-container\">\n\t\t\t\t\t<h1 class=\"elementor-heading-title elementor-size-default\">Code of Conduct<\/h1>\t\t\t\t<\/div>\n\t\t\t\t<\/div>\n\t\t\t\t\t<\/div>\n\t\t<\/div>\n\t\t\t\t\t<\/div>\n\t\t<\/section>\n\t\t\t\t<section class=\"elementor-section elementor-top-section elementor-element elementor-element-3831ea0 elementor-section-boxed elementor-section-height-default elementor-section-height-default\" data-id=\"3831ea0\" data-element_type=\"section\">\n\t\t\t\t\t\t<div class=\"elementor-container elementor-column-gap-default\">\n\t\t\t\t\t<div class=\"elementor-column elementor-col-33 elementor-top-column elementor-element elementor-element-471b575\" data-id=\"471b575\" data-element_type=\"column\">\n\t\t\t<div class=\"elementor-widget-wrap elementor-element-populated\">\n\t\t\t\t\t\t<div class=\"elementor-element elementor-element-e5dde50 elementor-widget elementor-widget-image\" data-id=\"e5dde50\" data-element_type=\"widget\" data-widget_type=\"image.default\">\n\t\t\t\t<div class=\"elementor-widget-container\">\n\t\t\t\t\t\t\t\t\t\t\t\t\t\t\t\t<a href=\"http:\/\/www.odakdernegi.org\/wp-content\/uploads\/2025\/10\/Odak-Code-of-Contact-2025.pdf\" target=\"_blank\">\n\t\t\t\t\t\t\t<img decoding=\"async\" width=\"768\" height=\"768\" src=\"https:\/\/www.odakdernegi.org\/wp-content\/uploads\/2025\/10\/Odak-Code-of-Conduct-1-768x768.png\" class=\"attachment-medium_large size-medium_large wp-image-18593\" alt=\"\" srcset=\"https:\/\/www.odakdernegi.org\/wp-content\/uploads\/2025\/10\/Odak-Code-of-Conduct-1-768x768.png 768w, https:\/\/www.odakdernegi.org\/wp-content\/uploads\/2025\/10\/Odak-Code-of-Conduct-1-300x300.png 300w, https:\/\/www.odakdernegi.org\/wp-content\/uploads\/2025\/10\/Odak-Code-of-Conduct-1-1024x1024.png 1024w, https:\/\/www.odakdernegi.org\/wp-content\/uploads\/2025\/10\/Odak-Code-of-Conduct-1-150x150.png 150w, https:\/\/www.odakdernegi.org\/wp-content\/uploads\/2025\/10\/Odak-Code-of-Conduct-1-12x12.png 12w, https:\/\/www.odakdernegi.org\/wp-content\/uploads\/2025\/10\/Odak-Code-of-Conduct-1.png 1080w\" sizes=\"(max-width: 34.9rem) calc(100vw - 2rem), (max-width: 53rem) calc(8 * (100vw \/ 12)), (min-width: 53rem) calc(6 * (100vw \/ 12)), 100vw\" \/>\t\t\t\t\t\t\t\t<\/a>\n\t\t\t\t\t\t\t\t\t\t\t\t\t\t\t<\/div>\n\t\t\t\t<\/div>\n\t\t\t\t\t<\/div>\n\t\t<\/div>\n\t\t\t\t<div class=\"elementor-column elementor-col-66 elementor-top-column elementor-element elementor-element-c2cb927\" data-id=\"c2cb927\" data-element_type=\"column\">\n\t\t\t<div class=\"elementor-widget-wrap elementor-element-populated\">\n\t\t\t\t\t\t<div class=\"elementor-element elementor-element-98d808a elementor-widget elementor-widget-text-editor\" data-id=\"98d808a\" data-element_type=\"widget\" data-widget_type=\"text-editor.default\">\n\t\t\t\t<div class=\"elementor-widget-container\">\n\t\t\t\t\t\t\t\t\t<blockquote><p data-start=\"391\" data-end=\"750\" class=\"translation-block\">You may contact Odak NGO directly via email in full confidentiality in cases of ethical violations, misconduct, corruption, or breaches of privacy. \nThis channel can be used to report all matters related to \n<strong>sexual misconduct, abuse, child or adult safeguarding<\/strong>, \n<strong>fraud, bribery, corruption, or conflicts of interest<\/strong>, and \n<strong>data protection and information security<\/strong>.<\/p><p data-start=\"752\" data-end=\"1104\" class=\"translation-block\">All reports are reviewed by the <strong>Legal and Compliance Committee<\/strong>, which operates under the <strong>Supervisory Board<\/strong>. \nThis Committee is <strong>appointed by election at each Ordinary General Assembly<\/strong> of Odak NGO in accordance with its statutes \nand is responsible for ensuring the organization\u2019s ethical standards, regulatory compliance, and accountability.<\/p><\/blockquote><p style=\"text-align: center;\" data-start=\"1106\" data-end=\"1198\"><strong data-start=\"1109\" data-end=\"1135\"><a class=\"decorated-link cursor-pointer\" rel=\"noopener\" data-start=\"1111\" data-end=\"1133\">report@odakdernegi.org<\/a><\/strong><\/p>\t\t\t\t\t\t\t\t<\/div>\n\t\t\t\t<\/div>\n\t\t\t\t\t<\/div>\n\t\t<\/div>\n\t\t\t\t\t<\/div>\n\t\t<\/section>\n\t\t\t\t<\/div>","protected":false},"excerpt":{"rendered":"<p>Etik Davran\u0131\u015f \u0130lkeleri Her t\u00fcrl\u00fc etik ihlal, istismar, yolsuzluk veya gizlilik ihlali durumunda, gizli kalmak kayd\u0131yla Odak Derne\u011fi\u2019ne do\u011frudan e-posta yoluyla ula\u015fabilirsiniz. Bu kanal; cinsel istismar, suistimal, \u00e7ocuk veya yeti\u015fkin g\u00fcvenli\u011fi, yolsuzluk, doland\u0131r\u0131c\u0131l\u0131k, r\u00fc\u015fvet, \u00e7\u0131kar \u00e7at\u0131\u015fmas\u0131, veri gizlili\u011fi ve bilgi g\u00fcvenli\u011fi gibi t\u00fcm konularda kullan\u0131labilir. T\u00fcm bildirimler, Denetim Kurulu b\u00fcnyesinde yap\u0131land\u0131r\u0131lm\u0131\u015f olan Hukuk ve Uyum [&hellip;]<\/p>","protected":false},"author":1,"featured_media":0,"parent":0,"menu_order":0,"comment_status":"closed","ping_status":"closed","template":"elementor_header_footer","meta":{"_acf_changed":false,"give_campaign_id":0,"footnotes":""},"class_list":["post-18584","page","type-page","status-publish","hentry","entry"],"acf":[],"campaignId":"","_links":{"self":[{"href":"https:\/\/www.odakdernegi.org\/en\/wp-json\/wp\/v2\/pages\/18584","targetHints":{"allow":["GET"]}}],"collection":[{"href":"https:\/\/www.odakdernegi.org\/en\/wp-json\/wp\/v2\/pages"}],"about":[{"href":"https:\/\/www.odakdernegi.org\/en\/wp-json\/wp\/v2\/types\/page"}],"author":[{"embeddable":true,"href":"https:\/\/www.odakdernegi.org\/en\/wp-json\/wp\/v2\/users\/1"}],"replies":[{"embeddable":true,"href":"https:\/\/www.odakdernegi.org\/en\/wp-json\/wp\/v2\/comments?post=18584"}],"version-history":[{"count":37,"href":"https:\/\/www.odakdernegi.org\/en\/wp-json\/wp\/v2\/pages\/18584\/revisions"}],"predecessor-version":[{"id":18628,"href":"https:\/\/www.odakdernegi.org\/en\/wp-json\/wp\/v2\/pages\/18584\/revisions\/18628"}],"wp:attachment":[{"href":"https:\/\/www.odakdernegi.org\/en\/wp-json\/wp\/v2\/media?parent=18584"}],"curies":[{"name":"wp","href":"https:\/\/api.w.org\/{rel}","templated":true}]}}