{"id":17957,"date":"2023-01-15T18:41:37","date_gmt":"2023-01-15T15:41:37","guid":{"rendered":"https:\/\/www.odakdernegi.org\/?page_id=17957"},"modified":"2024-04-14T11:49:10","modified_gmt":"2024-04-14T08:49:10","slug":"tuzuk","status":"publish","type":"page","link":"https:\/\/www.odakdernegi.org\/en\/tuzuk\/","title":{"rendered":"Our Charter"},"content":{"rendered":"<div data-elementor-type=\"wp-page\" data-elementor-id=\"17957\" class=\"elementor elementor-17957\" data-elementor-post-type=\"page\">\n\t\t\t\t\t\t<section class=\"elementor-section elementor-top-section elementor-element elementor-element-500c5e9 elementor-section-boxed elementor-section-height-default elementor-section-height-default\" data-id=\"500c5e9\" data-element_type=\"section\" data-settings=\"{&quot;background_background&quot;:&quot;classic&quot;}\">\n\t\t\t\t\t\t<div class=\"elementor-container elementor-column-gap-extended\">\n\t\t\t\t\t<div class=\"elementor-column elementor-col-100 elementor-top-column elementor-element elementor-element-40e4d85\" data-id=\"40e4d85\" data-element_type=\"column\">\n\t\t\t<div class=\"elementor-widget-wrap\">\n\t\t\t\t\t\t\t<\/div>\n\t\t<\/div>\n\t\t\t\t\t<\/div>\n\t\t<\/section>\n\t\t\t\t<section class=\"elementor-section elementor-top-section elementor-element elementor-element-db76385 elementor-section-boxed elementor-section-height-default elementor-section-height-default\" data-id=\"db76385\" data-element_type=\"section\">\n\t\t\t\t\t\t<div class=\"elementor-container elementor-column-gap-default\">\n\t\t\t\t\t<div class=\"elementor-column elementor-col-33 elementor-top-column elementor-element elementor-element-e4b8fb3\" data-id=\"e4b8fb3\" data-element_type=\"column\">\n\t\t\t<div class=\"elementor-widget-wrap elementor-element-populated\">\n\t\t\t\t\t\t<div class=\"elementor-element elementor-element-db11eff elementor-widget__width-initial elementor-widget elementor-widget-text-editor\" data-id=\"db11eff\" data-element_type=\"widget\" data-widget_type=\"text-editor.default\">\n\t\t\t\t<div class=\"elementor-widget-container\">\n\t\t\t\t\t\t\t\t\t<p style=\"text-align: left;\"><strong>ODAK DERNE\u011e\u0130 <br \/>Charter Information<\/strong><br \/><strong>Registration No:<\/strong> 06-133-104<br \/><strong>Address:<\/strong> O\u011fuzlar Mah. S\u00fcleyman<br \/>Haciabdullaho\u011flu No.32 \u00c7ankaya\/Ankara<br \/><strong>E-mail:<\/strong> odak@odakdernegi.org<br \/><strong>Web:<\/strong> www.odak.ngo<\/p>\t\t\t\t\t\t\t\t<\/div>\n\t\t\t\t<\/div>\n\t\t\t\t\t<\/div>\n\t\t<\/div>\n\t\t\t\t<div class=\"elementor-column elementor-col-66 elementor-top-column elementor-element elementor-element-1f76167\" data-id=\"1f76167\" data-element_type=\"column\">\n\t\t\t<div class=\"elementor-widget-wrap elementor-element-populated\">\n\t\t\t\t\t\t<div class=\"elementor-element elementor-element-b13155f elementor-widget elementor-widget-image\" data-id=\"b13155f\" data-element_type=\"widget\" data-widget_type=\"image.default\">\n\t\t\t\t<div class=\"elementor-widget-container\">\n\t\t\t\t\t\t\t\t\t\t\t\t\t\t\t<img fetchpriority=\"high\" decoding=\"async\" width=\"1024\" height=\"362\" src=\"http:\/\/www.odakdernegi.org\/wp-content\/uploads\/2024\/04\/Sosyalyardimlar_Boyutlandirilmis-1024x362.png\" class=\"attachment-large size-large wp-image-18062\" alt=\"\" srcset=\"http:\/\/www.odakdernegi.org\/wp-content\/uploads\/2024\/04\/Sosyalyardimlar_Boyutlandirilmis-1024x362.png 1024w, http:\/\/www.odakdernegi.org\/wp-content\/uploads\/2024\/04\/Sosyalyardimlar_Boyutlandirilmis-300x106.png 300w, http:\/\/www.odakdernegi.org\/wp-content\/uploads\/2024\/04\/Sosyalyardimlar_Boyutlandirilmis-768x272.png 768w, http:\/\/www.odakdernegi.org\/wp-content\/uploads\/2024\/04\/Sosyalyardimlar_Boyutlandirilmis-18x6.png 18w, http:\/\/www.odakdernegi.org\/wp-content\/uploads\/2024\/04\/Sosyalyardimlar_Boyutlandirilmis.png 1123w\" sizes=\"(max-width: 1024px) 100vw, 1024px\" \/>\t\t\t\t\t\t\t\t\t\t\t\t\t\t\t<\/div>\n\t\t\t\t<\/div>\n\t\t\t\t\t<\/div>\n\t\t<\/div>\n\t\t\t\t\t<\/div>\n\t\t<\/section>\n\t\t\t\t<section class=\"elementor-section elementor-top-section elementor-element elementor-element-795a1f2 elementor-section-boxed elementor-section-height-default elementor-section-height-default\" data-id=\"795a1f2\" data-element_type=\"section\">\n\t\t\t\t\t\t<div class=\"elementor-container elementor-column-gap-default\">\n\t\t\t\t\t<div class=\"elementor-column elementor-col-100 elementor-top-column elementor-element elementor-element-6f4c986\" data-id=\"6f4c986\" data-element_type=\"column\">\n\t\t\t<div class=\"elementor-widget-wrap elementor-element-populated\">\n\t\t\t\t\t\t<section class=\"elementor-section elementor-inner-section elementor-element elementor-element-b31f3c4 elementor-section-boxed elementor-section-height-default elementor-section-height-default\" data-id=\"b31f3c4\" data-element_type=\"section\">\n\t\t\t\t\t\t<div class=\"elementor-container elementor-column-gap-default\">\n\t\t\t\t\t<div class=\"elementor-column elementor-col-50 elementor-inner-column elementor-element elementor-element-2e76cec\" data-id=\"2e76cec\" data-element_type=\"column\">\n\t\t\t<div class=\"elementor-widget-wrap elementor-element-populated\">\n\t\t\t\t\t\t<div class=\"elementor-element elementor-element-8f1852b elementor-widget__width-initial elementor-widget elementor-widget-text-editor\" data-id=\"8f1852b\" data-element_type=\"widget\" data-widget_type=\"text-editor.default\">\n\t\t\t\t<div class=\"elementor-widget-container\">\n\t\t\t\t\t\t\t\t\t<p style=\"text-align: justify;\"><strong>Mission of the Association<\/strong><br \/><span style=\"color: var( --e-global-color-text ); font-family: var( --e-global-typography-text-font-family ), Sans-serif; font-weight: var( --e-global-typography-text-font-weight ); letter-spacing: 0px;\">ODAK is a civil society organization that acts to meet the basic life needs of individuals from all segments of society, to raise their welfare levels, and to improve their quality of life.<\/span><\/p><p style=\"text-align: justify;\"><span style=\"color: var( --e-global-color-text ); font-family: var( --e-global-typography-text-font-family ), Sans-serif; font-weight: var( --e-global-typography-text-font-weight ); letter-spacing: 0px;\">The aim of our association is to carry out comprehensive humanitarian aid activities for individuals and communities who are struggling with economic difficulties, have been affected by disasters and emergencies, or are at risk of such situations. We aim to contribute to the provision and maintenance of basic living conditions such as shelter, food aid, hygienic living conditions, clean water supply, and waste management. In addition, the Focus association aims to identify the challenges faced by the community and develop innovative solutions to these challenges; it targets increasing social awareness and supporting the socio-cultural integration of individuals through scientific research, educational, and social programs.<br \/><\/span><span style=\"color: var( --e-global-color-text ); font-family: var( --e-global-typography-text-font-family ), Sans-serif; font-weight: var( --e-global-typography-text-font-weight ); letter-spacing: 0px;\"><br \/>In this regard, by organizing events that bring together relevant individuals and institutions on various platforms such as conferences, congresses, symposiums, seminars, fairs, panels, exhibitions, concerts, meetings, and scientific research, it aims to facilitate the sharing of knowledge and experience with all segments of society.<br \/><\/span><span style=\"color: var( --e-global-color-text ); font-family: var( --e-global-typography-text-font-family ), Sans-serif; font-weight: var( --e-global-typography-text-font-weight ); letter-spacing: 0px;\"><br \/>The association also aims to conduct scientific research related to its areas of work, develop and implement social-based plans and projects, and establish project-based partnerships. By conducting written, oral, and visual media studies, creating content, and publishing it, the association seeks to reach a broader audience and enhance its impact. In this framework, the Focus Association is committed to improving the general welfare of the community, strengthening social solidarity, and creating the necessary conditions for every individual to lead a better life.<\/span><\/p><p>\u00a0<\/p>\t\t\t\t\t\t\t\t<\/div>\n\t\t\t\t<\/div>\n\t\t\t\t\t<\/div>\n\t\t<\/div>\n\t\t\t\t<div class=\"elementor-column elementor-col-50 elementor-inner-column elementor-element elementor-element-b151123\" data-id=\"b151123\" data-element_type=\"column\">\n\t\t\t<div class=\"elementor-widget-wrap elementor-element-populated\">\n\t\t\t\t\t\t<div class=\"elementor-element elementor-element-2bd0b1d elementor-widget elementor-widget-text-editor\" data-id=\"2bd0b1d\" data-element_type=\"widget\" data-widget_type=\"text-editor.default\">\n\t\t\t\t<div class=\"elementor-widget-container\">\n\t\t\t\t\t\t\t\t\t<p class=\"MsoNormal\" style=\"line-height: 150%; text-align: Justify;\"><b><span lang=\"EN-US\">Areas of Operation and Activities<\/span><\/b><\/p>\n<p class=\"MsoNormal\" style=\"line-height: 150%; text-align: left;\"><span lang=\"EN-US\">To fulfill our objectives, the association:<\/span><\/p>\n<p class=\"MsoListParagraphCxSpFirst\" style=\"text-indent: -18pt; line-height: 150%; text-align: left;\"><!-- [if !supportLists]--><span lang=\"EN-US\">1.<span style=\"font-variant-numeric: normal; font-variant-east-asian: normal; font-variant-alternates: normal; font-kerning: auto; font-optical-sizing: auto; font-feature-settings: normal; font-variation-settings: normal; font-variant-position: normal; font-stretch: normal; font-size: 7pt; line-height: normal; font-family: 'Times New Roman';\">\u00a0\u00a0\u00a0\u00a0\u00a0 <\/span><\/span><!--[endif]--><span lang=\"EN-US\">Facilitates enhanced communication and networking among members.<\/span><\/p>\n<p class=\"MsoListParagraphCxSpMiddle\" style=\"text-indent: -18pt; line-height: 150%; text-align: left;\"><!-- [if !supportLists]--><span lang=\"EN-US\">2.<span style=\"font-variant-numeric: normal; font-variant-east-asian: normal; font-variant-alternates: normal; font-kerning: auto; font-optical-sizing: auto; font-feature-settings: normal; font-variation-settings: normal; font-variant-position: normal; font-stretch: normal; font-size: 7pt; line-height: normal; font-family: 'Times New Roman';\">\u00a0\u00a0\u00a0\u00a0\u00a0 <\/span><\/span><!--[endif]--><span lang=\"EN-US\">Undertakes humanitarian aid activities to secure fundamental life conditions for those in need (e.g., shelter and food assistance, hygiene promotion, clean water access, waste management), and identifies and addresses psychosocial needs.<\/span><\/p>\n<p class=\"MsoListParagraphCxSpMiddle\" style=\"text-indent: -18pt; line-height: 150%; text-align: left;\"><!-- [if !supportLists]--><span lang=\"EN-US\">3.<span style=\"font-variant-numeric: normal; font-variant-east-asian: normal; font-variant-alternates: normal; font-kerning: auto; font-optical-sizing: auto; font-feature-settings: normal; font-variation-settings: normal; font-variant-position: normal; font-stretch: normal; font-size: 7pt; line-height: normal; font-family: 'Times New Roman';\">\u00a0\u00a0\u00a0\u00a0\u00a0 <\/span><\/span><!--[endif]--><span lang=\"EN-US\">Organizes various scientific, educational, and social events such as conferences, congresses, symposiums, seminars, fairs, panels, exhibitions, concerts, meetings, and scientific research, providing platforms for engagement among relevant individuals and institutions concerned with the welfare of vulnerable populations.<\/span><\/p>\n<p class=\"MsoListParagraphCxSpMiddle\" style=\"text-indent: -18pt; line-height: 150%; text-align: left;\"><!-- [if !supportLists]--><span lang=\"EN-US\">4.<span style=\"font-variant-numeric: normal; font-variant-east-asian: normal; font-variant-alternates: normal; font-kerning: auto; font-optical-sizing: auto; font-feature-settings: normal; font-variation-settings: normal; font-variant-position: normal; font-stretch: normal; font-size: 7pt; line-height: normal; font-family: 'Times New Roman';\">\u00a0\u00a0\u00a0\u00a0\u00a0 <\/span><\/span><!--[endif]--><span lang=\"EN-US\">Conducts scientific research and develops social-based plans and projects within its operational framework, implementing these initiatives and establishing project-based collaborations.<\/span><\/p>\n<p class=\"MsoListParagraphCxSpMiddle\" style=\"text-indent: -18pt; line-height: 150%; text-align: left;\"><!-- [if !supportLists]--><span lang=\"EN-US\">5.<span style=\"font-variant-numeric: normal; font-variant-east-asian: normal; font-variant-alternates: normal; font-kerning: auto; font-optical-sizing: auto; font-feature-settings: normal; font-variation-settings: normal; font-variant-position: normal; font-stretch: normal; font-size: 7pt; line-height: normal; font-family: 'Times New Roman';\">\u00a0\u00a0\u00a0\u00a0\u00a0 <\/span><\/span><!--[endif]--><span lang=\"EN-US\">Executes media campaigns through written, verbal, and visual channels, generating and disseminating informative content.<\/span><\/p>\n<p class=\"MsoListParagraphCxSpMiddle\" style=\"text-indent: -18pt; line-height: 150%; text-align: left;\"><!-- [if !supportLists]--><span lang=\"EN-US\">6.<span style=\"font-variant-numeric: normal; font-variant-east-asian: normal; font-variant-alternates: normal; font-kerning: auto; font-optical-sizing: auto; font-feature-settings: normal; font-variation-settings: normal; font-variant-position: normal; font-stretch: normal; font-size: 7pt; line-height: normal; font-family: 'Times New Roman';\">\u00a0\u00a0\u00a0\u00a0\u00a0 <\/span><\/span><!--[endif]--><span lang=\"EN-US\">Provides in-kind (e.g., meal vouchers, grocery assistance, transportation support) and monetary aid to beneficiaries. <\/span><\/p>\n<p class=\"MsoListParagraphCxSpMiddle\" style=\"text-indent: -18pt; line-height: 150%; text-align: left;\"><!-- [if !supportLists]--><span lang=\"EN-US\">7.<span style=\"font-variant-numeric: normal; font-variant-east-asian: normal; font-variant-alternates: normal; font-kerning: auto; font-optical-sizing: auto; font-feature-settings: normal; font-variation-settings: normal; font-variant-position: normal; font-stretch: normal; font-size: 7pt; line-height: normal; font-family: 'Times New Roman';\">\u00a0\u00a0\u00a0\u00a0\u00a0 <\/span><\/span><!--[endif]--><span lang=\"EN-US\">Extends assistance to students in need through scholarships, donations, stationery supplies, and clothing provisions.<\/span><\/p>\n<p class=\"MsoListParagraphCxSpMiddle\" style=\"text-indent: -18pt; line-height: 150%; text-align: left;\"><!-- [if !supportLists]--><span lang=\"EN-US\">8.<span style=\"font-variant-numeric: normal; font-variant-east-asian: normal; font-variant-alternates: normal; font-kerning: auto; font-optical-sizing: auto; font-feature-settings: normal; font-variation-settings: normal; font-variant-position: normal; font-stretch: normal; font-size: 7pt; line-height: normal; font-family: 'Times New Roman';\">\u00a0\u00a0\u00a0\u00a0\u00a0 <\/span><\/span><!--[endif]--><span lang=\"EN-US\">Leads social and communication campaigns to raise awareness and drive positive change.<\/span><\/p>\n<p class=\"MsoListParagraphCxSpMiddle\" style=\"text-indent: -18pt; line-height: 150%; text-align: left;\"><!-- [if !supportLists]--><span lang=\"EN-US\">9.<span style=\"font-variant-numeric: normal; font-variant-east-asian: normal; font-variant-alternates: normal; font-kerning: auto; font-optical-sizing: auto; font-feature-settings: normal; font-variation-settings: normal; font-variant-position: normal; font-stretch: normal; font-size: 7pt; line-height: normal; font-family: 'Times New Roman';\">\u00a0\u00a0\u00a0\u00a0\u00a0 <\/span><\/span><!--[endif]--><span lang=\"EN-US\">Advocates for and champions human rights through advocacy initiatives and interventions. <\/span><\/p>\n<p class=\"MsoListParagraphCxSpMiddle\" style=\"text-indent: -18pt; line-height: 150%; text-align: left;\"><!-- [if !supportLists]--><span lang=\"EN-US\">10.<span style=\"font-variant-numeric: normal; font-variant-east-asian: normal; font-variant-alternates: normal; font-kerning: auto; font-optical-sizing: auto; font-feature-settings: normal; font-variation-settings: normal; font-variant-position: normal; font-stretch: normal; font-size: 7pt; line-height: normal; font-family: 'Times New Roman';\">\u00a0 <\/span><\/span><!--[endif]--><span lang=\"EN-US\">Solicits and accepts donations domestically and internationally, adhering to relevant laws, regulations, and the association's bylaws.<\/span><\/p>\n<p class=\"MsoListParagraphCxSpMiddle\" style=\"text-indent: -18pt; line-height: 150%; text-align: left;\"><!-- [if !supportLists]--><span lang=\"EN-US\">11.<span style=\"font-variant-numeric: normal; font-variant-east-asian: normal; font-variant-alternates: normal; font-kerning: auto; font-optical-sizing: auto; font-feature-settings: normal; font-variation-settings: normal; font-variant-position: normal; font-stretch: normal; font-size: 7pt; line-height: normal; font-family: 'Times New Roman';\">\u00a0 <\/span><\/span><!--[endif]--><span lang=\"EN-US\">Establishes and participates in economic, commercial, and industrial ventures to secure sustainable funding for achieving its mission. <\/span><\/p>\n<p style=\"text-align: left;\"><\/p>\n<p class=\"MsoListParagraphCxSpLast\" style=\"text-indent: -18pt; line-height: 150%; text-align: left;\"><!-- [if !supportLists]--><span lang=\"EN-US\">12.<span style=\"font-variant-numeric: normal; font-variant-east-asian: normal; font-variant-alternates: normal; font-kerning: auto; font-optical-sizing: auto; font-feature-settings: normal; font-variation-settings: normal; font-variant-position: normal; font-stretch: normal; font-size: 7pt; line-height: normal; font-family: 'Times New Roman';\">\u00a0 <\/span><\/span><!--[endif]--><span lang=\"EN-US\">Establishes local and international branches or representative offices as needed to support its mission and operations.\u00a0<\/span><\/p>\t\t\t\t\t\t\t\t<\/div>\n\t\t\t\t<\/div>\n\t\t\t\t\t<\/div>\n\t\t<\/div>\n\t\t\t\t\t<\/div>\n\t\t<\/section>\n\t\t\t\t\t<\/div>\n\t\t<\/div>\n\t\t\t\t\t<\/div>\n\t\t<\/section>\n\t\t\t\t<\/div>","protected":false},"excerpt":{"rendered":"<p>ODAK DERNE\u011e\u0130 T\u00dcZ\u00dcK B\u0130LG\u0130LER\u0130Tescil No: 06-133-104Adres: O\u011fuzlar Mah. S\u00fcleymanHaciabdullaho\u011flu No.32 \u00c7ankaya\/AnkaraE-posta: odak@odakdernegi.orgWeb: www.odak.ngo Derne\u011fin Amac\u0131Odak Derne\u011fi, toplumun her kesiminden bireylerin temel ya\u015fam ihtiya\u00e7lar\u0131n\u0131 kar\u015f\u0131lamak, refah d\u00fczeylerini y\u00fckseltmek ve ya\u015fam kalitelerini artt\u0131rmak \u00fczere hareket eden bir sivil toplum kurulu\u015fudur. Derne\u011fimizin amac\u0131, ekonomik zorluklarla m\u00fccadele eden, afet ve acil durumlar nedeniyle ma\u011fdur olmu\u015f veya olma riski ta\u015f\u0131yan [&hellip;]<\/p>","protected":false},"author":1,"featured_media":0,"parent":0,"menu_order":0,"comment_status":"closed","ping_status":"closed","template":"elementor_header_footer","meta":{"_acf_changed":false,"give_campaign_id":0,"footnotes":""},"class_list":["post-17957","page","type-page","status-publish","hentry","entry"],"acf":[],"campaignId":"","_links":{"self":[{"href":"https:\/\/www.odakdernegi.org\/en\/wp-json\/wp\/v2\/pages\/17957","targetHints":{"allow":["GET"]}}],"collection":[{"href":"https:\/\/www.odakdernegi.org\/en\/wp-json\/wp\/v2\/pages"}],"about":[{"href":"https:\/\/www.odakdernegi.org\/en\/wp-json\/wp\/v2\/types\/page"}],"author":[{"embeddable":true,"href":"https:\/\/www.odakdernegi.org\/en\/wp-json\/wp\/v2\/users\/1"}],"replies":[{"embeddable":true,"href":"https:\/\/www.odakdernegi.org\/en\/wp-json\/wp\/v2\/comments?post=17957"}],"version-history":[{"count":10,"href":"https:\/\/www.odakdernegi.org\/en\/wp-json\/wp\/v2\/pages\/17957\/revisions"}],"predecessor-version":[{"id":18088,"href":"https:\/\/www.odakdernegi.org\/en\/wp-json\/wp\/v2\/pages\/17957\/revisions\/18088"}],"wp:attachment":[{"href":"https:\/\/www.odakdernegi.org\/en\/wp-json\/wp\/v2\/media?parent=17957"}],"curies":[{"name":"wp","href":"https:\/\/api.w.org\/{rel}","templated":true}]}}