{"id":17872,"date":"2023-01-15T15:01:01","date_gmt":"2023-01-15T12:01:01","guid":{"rendered":"https:\/\/www.odakdernegi.org\/?page_id=17872"},"modified":"2025-03-17T10:16:44","modified_gmt":"2025-03-17T07:16:44","slug":"bagis-yap","status":"publish","type":"page","link":"https:\/\/www.odakdernegi.org\/en\/bagis-yap\/","title":{"rendered":"Donate"},"content":{"rendered":"<div data-elementor-type=\"wp-page\" data-elementor-id=\"17872\" class=\"elementor elementor-17872\" data-elementor-post-type=\"page\">\n\t\t\t\t\t\t<div class=\"elementor-section elementor-top-section elementor-element elementor-element-500c5e9 elementor-section-height-min-height elementor-section-content-middle elementor-section-full_width elementor-section-height-default elementor-section-items-middle elementor-invisible\" data-id=\"500c5e9\" data-element_type=\"section\" data-settings=\"{&quot;background_background&quot;:&quot;classic&quot;,&quot;background_motion_fx_motion_fx_scrolling&quot;:&quot;yes&quot;,&quot;motion_fx_motion_fx_scrolling&quot;:&quot;yes&quot;,&quot;motion_fx_translateY_effect&quot;:&quot;yes&quot;,&quot;motion_fx_devices&quot;:[&quot;desktop&quot;],&quot;motion_fx_range&quot;:&quot;viewport&quot;,&quot;sticky&quot;:&quot;bottom&quot;,&quot;sticky_on&quot;:[&quot;desktop&quot;],&quot;sticky_offset&quot;:25,&quot;sticky_offset_mobile&quot;:20,&quot;animation&quot;:&quot;fadeIn&quot;,&quot;background_motion_fx_devices&quot;:[&quot;desktop&quot;],&quot;motion_fx_translateY_speed&quot;:{&quot;unit&quot;:&quot;px&quot;,&quot;size&quot;:4,&quot;sizes&quot;:[]},&quot;motion_fx_translateY_affectedRange&quot;:{&quot;unit&quot;:&quot;%&quot;,&quot;size&quot;:&quot;&quot;,&quot;sizes&quot;:{&quot;start&quot;:0,&quot;end&quot;:100}},&quot;sticky_effects_offset&quot;:0,&quot;sticky_anchor_link_offset&quot;:0}\">\n\t\t\t\t\t\t<div class=\"elementor-container elementor-column-gap-no\">\n\t\t\t\t\t<div class=\"elementor-column elementor-col-100 elementor-top-column elementor-element elementor-element-8ea6ac5\" data-id=\"8ea6ac5\" data-element_type=\"column\">\n\t\t\t<div class=\"elementor-widget-wrap\">\n\t\t\t\t\t\t\t<\/div>\n\t\t<\/div>\n\t\t\t\t\t<\/div>\n\t\t<\/div>\n\t\t\t\t<section class=\"elementor-section elementor-top-section elementor-element elementor-element-d18a42a elementor-section-boxed elementor-section-height-default elementor-section-height-default\" data-id=\"d18a42a\" data-element_type=\"section\">\n\t\t\t\t\t\t<div class=\"elementor-container elementor-column-gap-default\">\n\t\t\t\t\t<div class=\"elementor-column elementor-col-100 elementor-top-column elementor-element elementor-element-2f2f61b\" data-id=\"2f2f61b\" data-element_type=\"column\">\n\t\t\t<div class=\"elementor-widget-wrap elementor-element-populated\">\n\t\t\t\t\t\t<div class=\"elementor-element elementor-element-70f78b7 elementor-widget elementor-widget-text-editor\" data-id=\"70f78b7\" data-element_type=\"widget\" data-widget_type=\"text-editor.default\">\n\t\t\t\t<div class=\"elementor-widget-container\">\n\t\t\t\t\t\t\t\t\t<div style=\"text-align: center; background: #f8f9fa; padding: 40px; border-radius: 10px; box-shadow: 0px 4px 10px rgba(0,0,0,0.1);\">\n    <h2 style=\"color: #d6642c; font-size: 28px; font-weight: bold; margin-bottom: 15px;\">Donate &amp; Nurture Hope!<\/h2>\n    <p style=\"color: #444; font-size: 18px; line-height: 1.6; max-width: 700px; margin: 0 auto;\">\n        <strong>As Odak,<\/strong> we extend our deepest gratitude for your desire to be a part of goodness. Your donation empowers us on our journey to nurture hope and transform lives. Please complete the donation form below to formalize your support.\n    <\/p>\n    <p style=\"color: #444; font-size: 16px; line-height: 1.6; max-width: 700px; margin: 15px auto;\">\n        To facilitate your donation process, we share our bank account details with you. Your secured contributions will be used strictly for the purpose you specify and will be safeguarded with confidentiality. We are delighted to share the same values with you and honored to take steps together for social good.\n    <\/p>\n    <a href=\"https:\/\/www.odakdernegi.org\/en\/bagis\/\" target=\"_blank\" style=\"display: inline-block; background: #d6642c; color: white; padding: 12px 24px; font-size: 18px; font-weight: bold; border-radius: 6px; text-decoration: none; margin-top: 15px; box-shadow: 0px 3px 8px rgba(0,0,0,0.2); transition: 0.3s;\">\n        Donate\n    <\/a>\n<\/div>\n\t\t\t\t\t\t\t\t<\/div>\n\t\t\t\t<\/div>\n\t\t\t\t\t<\/div>\n\t\t<\/div>\n\t\t\t\t\t<\/div>\n\t\t<\/section>\n\t\t\t\t<section class=\"elementor-section elementor-top-section elementor-element elementor-element-59ddd09 elementor-section-content-middle elementor-section-boxed elementor-section-height-default elementor-section-height-default\" data-id=\"59ddd09\" data-element_type=\"section\">\n\t\t\t\t\t\t<div class=\"elementor-container elementor-column-gap-extended\">\n\t\t\t\t\t<div class=\"elementor-column elementor-col-50 elementor-top-column elementor-element elementor-element-5dc9f47\" data-id=\"5dc9f47\" data-element_type=\"column\">\n\t\t\t<div class=\"elementor-widget-wrap elementor-element-populated\">\n\t\t\t\t\t\t<div class=\"elementor-element elementor-element-f5dadaa elementor-widget elementor-widget-heading\" data-id=\"f5dadaa\" data-element_type=\"widget\" data-widget_type=\"heading.default\">\n\t\t\t\t<div class=\"elementor-widget-container\">\n\t\t\t\t\t<h2 class=\"elementor-heading-title elementor-size-default\">DONATION FORM<\/h2>\t\t\t\t<\/div>\n\t\t\t\t<\/div>\n\t\t\t\t<div class=\"elementor-element elementor-element-8984968 elementor-button-align-stretch elementor-widget elementor-widget-form\" data-id=\"8984968\" data-element_type=\"widget\" data-settings=\"{&quot;step_next_label&quot;:&quot;Next&quot;,&quot;step_previous_label&quot;:&quot;Previous&quot;,&quot;button_width&quot;:&quot;100&quot;,&quot;step_type&quot;:&quot;number_text&quot;,&quot;step_icon_shape&quot;:&quot;circle&quot;}\" data-widget_type=\"form.default\">\n\t\t\t\t<div class=\"elementor-widget-container\">\n\t\t\t\t\t\t\t<form class=\"elementor-form\" method=\"post\" name=\"New Form\" aria-label=\"New Form\" action=\"\">\n\t\t\t<input type=\"hidden\" name=\"post_id\" value=\"17872\"\/>\n\t\t\t<input type=\"hidden\" name=\"form_id\" value=\"8984968\"\/>\n\t\t\t<input type=\"hidden\" name=\"referer_title\" value=\"Ba\u011f\u0131\u015f Yap\" \/>\n\n\t\t\t\t\t\t\t<input type=\"hidden\" name=\"queried_id\" value=\"17872\"\/>\n\t\t\t\n\t\t\t<div class=\"elementor-form-fields-wrapper elementor-labels-above\">\n\t\t\t\t\t\t\t\t<div class=\"elementor-field-type-text elementor-field-group elementor-column elementor-field-group-adsoyad elementor-col-100\">\n\t\t\t\t\t\t\t\t\t\t\t\t<label for=\"form-field-adsoyad\" class=\"elementor-field-label\">\n\t\t\t\t\t\t\t\tName Surname\t\t\t\t\t\t\t<\/label>\n\t\t\t\t\t\t\t\t\t\t\t\t\t\t<input size=\"1\" type=\"text\" name=\"form_fields[adsoyad]\" id=\"form-field-adsoyad\" class=\"elementor-field elementor-size-sm  elementor-field-textual\">\n\t\t\t\t\t\t\t\t\t\t\t<\/div>\n\t\t\t\t\t\t\t\t<div class=\"elementor-field-type-email elementor-field-group elementor-column elementor-field-group-email elementor-col-100 elementor-field-required\">\n\t\t\t\t\t\t\t\t\t\t\t\t<label for=\"form-field-email\" class=\"elementor-field-label\">\n\t\t\t\t\t\t\t\teMail\t\t\t\t\t\t\t<\/label>\n\t\t\t\t\t\t\t\t\t\t\t\t\t\t<input size=\"1\" type=\"email\" name=\"form_fields[email]\" id=\"form-field-email\" class=\"elementor-field elementor-size-sm  elementor-field-textual\" required=\"required\">\n\t\t\t\t\t\t\t\t\t\t\t<\/div>\n\t\t\t\t\t\t\t\t<div class=\"elementor-field-type-text elementor-field-group elementor-column elementor-field-group-message elementor-col-100\">\n\t\t\t\t\t\t\t\t\t\t\t\t<label for=\"form-field-message\" class=\"elementor-field-label\">\n\t\t\t\t\t\t\t\tMessage or Comment\t\t\t\t\t\t\t<\/label>\n\t\t\t\t\t\t\t\t\t\t\t\t\t\t<input size=\"1\" type=\"text\" name=\"form_fields[message]\" id=\"form-field-message\" class=\"elementor-field elementor-size-sm  elementor-field-textual\">\n\t\t\t\t\t\t\t\t\t\t\t<\/div>\n\t\t\t\t\t\t\t\t<div class=\"elementor-field-type-select elementor-field-group elementor-column elementor-field-group-doviz elementor-col-50 elementor-field-required\">\n\t\t\t\t\t\t\t\t\t\t\t\t<label for=\"form-field-doviz\" class=\"elementor-field-label\">\n\t\t\t\t\t\t\t\tCurrency Type\t\t\t\t\t\t\t<\/label>\n\t\t\t\t\t\t\t\t<div class=\"elementor-field elementor-select-wrapper remove-before\">\n\t\t\t<div class=\"select-caret-down-wrapper\">\n\t\t\t\t<i aria-hidden=\"true\" class=\"eicon-caret-down\"><\/i>\t\t\t<\/div>\n\t\t\t<select name=\"form_fields[doviz]\" id=\"form-field-doviz\" class=\"elementor-field-textual elementor-size-sm\" required=\"required\">\n\t\t\t\t\t\t\t\t\t<option value=\"T\u00fcrk Liras\u0131\">Turkish lira<\/option>\n\t\t\t\t\t\t\t\t\t<option value=\"ABD Dolar\u0131\">US Dollar<\/option>\n\t\t\t\t\t\t\t\t\t<option value=\"Euro\">Euro<\/option>\n\t\t\t\t\t\t\t<\/select>\n\t\t<\/div>\n\t\t\t\t\t\t<\/div>\n\t\t\t\t\t\t\t\t<div class=\"elementor-field-type-select elementor-field-group elementor-column elementor-field-group-miktar elementor-col-50 elementor-field-required\">\n\t\t\t\t\t\t\t\t\t\t\t\t<label for=\"form-field-miktar\" class=\"elementor-field-label\">\n\t\t\t\t\t\t\t\tDonation Amount\t\t\t\t\t\t\t<\/label>\n\t\t\t\t\t\t\t\t<div class=\"elementor-field elementor-select-wrapper remove-before\">\n\t\t\t<div class=\"select-caret-down-wrapper\">\n\t\t\t\t<i aria-hidden=\"true\" class=\"eicon-caret-down\"><\/i>\t\t\t<\/div>\n\t\t\t<select name=\"form_fields[miktar]\" id=\"form-field-miktar\" class=\"elementor-field-textual elementor-size-sm\" required=\"required\">\n\t\t\t\t\t\t\t\t\t<option value=\"10\">10<\/option>\n\t\t\t\t\t\t\t\t\t<option value=\"50\">50<\/option>\n\t\t\t\t\t\t\t\t\t<option value=\"100\">100<\/option>\n\t\t\t\t\t\t\t\t\t<option value=\"200\">200<\/option>\n\t\t\t\t\t\t\t\t\t<option value=\"500\">500<\/option>\n\t\t\t\t\t\t\t\t\t<option value=\"1000\">1000<\/option>\n\t\t\t\t\t\t\t<\/select>\n\t\t<\/div>\n\t\t\t\t\t\t<\/div>\n\t\t\t\t\t\t\t\t<div class=\"elementor-field-type-recaptcha_v3 elementor-field-group elementor-column elementor-field-group-field_1a8b871 elementor-col-100 recaptcha_v3-bottomright\">\n\t\t\t\t\t<div class=\"elementor-field\" id=\"form-field-field_1a8b871\"><div class=\"elementor-g-recaptcha\" data-sitekey=\"6LdPDvwjAAAAAOoS_8-uTDg8bMbNCGqPUHsabdzd\" data-type=\"v3\" data-action=\"Form\" data-badge=\"bottomright\" data-size=\"invisible\"><\/div><\/div>\t\t\t\t<\/div>\n\t\t\t\t\t\t\t\t<div class=\"elementor-field-group elementor-column elementor-field-type-submit elementor-col-100 e-form__buttons\">\n\t\t\t\t\t<button class=\"elementor-button elementor-size-sm\" type=\"submit\">\n\t\t\t\t\t\t<span class=\"elementor-button-content-wrapper\">\n\t\t\t\t\t\t\t\t\t\t\t\t\t\t\t\t\t\t\t\t\t\t<span class=\"elementor-button-text\">SEND<\/span>\n\t\t\t\t\t\t\t\t\t\t\t\t\t<\/span>\n\t\t\t\t\t<\/button>\n\t\t\t\t<\/div>\n\t\t\t<\/div>\n\t\t<input type=\"hidden\" name=\"trp-form-language\" value=\"en\"\/><\/form>\n\t\t\t\t\t\t<\/div>\n\t\t\t\t<\/div>\n\t\t\t\t\t<\/div>\n\t\t<\/div>\n\t\t\t\t<div class=\"elementor-column elementor-col-50 elementor-top-column elementor-element elementor-element-14f8cad\" data-id=\"14f8cad\" data-element_type=\"column\">\n\t\t\t<div class=\"elementor-widget-wrap elementor-element-populated\">\n\t\t\t\t\t\t<div class=\"elementor-element elementor-element-4f0f2d3 elementor-widget elementor-widget-text-editor\" data-id=\"4f0f2d3\" data-element_type=\"widget\" data-widget_type=\"text-editor.default\">\n\t\t\t\t<div class=\"elementor-widget-container\">\n\t\t\t\t\t\t\t\t\t<div style=\"text-align: center; background: #f8f9fa; padding: 40px; border-radius: 10px; box-shadow: 0px 4px 10px rgba(0,0,0,0.1); max-width: 800px; margin: auto;\">\n    <h2 style=\"color: #d6642c; font-size: 28px; font-weight: bold; margin-bottom: 20px;\">Our Bank Account Details<\/h2>\n\n    <div style=\"display: flex; align-items: center; justify-content: center; margin-bottom: 20px;\">\n        <img decoding=\"async\" src=\"https:\/\/www.odakdernegi.org\/wp-content\/uploads\/2022\/04\/b_ziraat.png\" alt=\"Ziraat Bankas\u0131\" style=\"max-width: 150px; height: auto;\">\n    <\/div>\n\n    <p style=\"color: #444; font-size: 18px; line-height: 1.6; font-weight: bold;\">\n        Account name: <span style=\"color: #d6642c;\">ODAK YARDIMLA\u015eMA DERNE\u011e\u0130<\/span>\n    <\/p>\n    <p style=\"color: #444; font-size: 16px; line-height: 1.6;\">\n        <strong>Branch Name:<\/strong> Ankara Gaziosmanpa\u015fa &nbsp; | &nbsp; <strong>Branch Code:<\/strong> 2211\n    <\/p>\n\n    <table style=\"width: 100%; border-collapse: collapse; margin-top: 20px;\">\n        <thead>\n            <tr style=\"background: #d6642c; color: white;\">\n                <th style=\"padding: 10px; text-align: left;\">Currency<\/th>\n                <th style=\"padding: 10px; text-align: left;\">Account number<\/th>\n                <th style=\"padding: 10px; text-align: left;\">IBAN<\/th>\n            <\/tr>\n        <\/thead>\n        <tbody>\n            <tr style=\"background: #fff; color: #444;\">\n                <td style=\"padding: 10px; border-bottom: 1px solid #ddd;\">Turkish lira<\/td>\n                <td style=\"padding: 10px; border-bottom: 1px solid #ddd;\">2211-97222708-5001<\/td>\n                <td style=\"padding: 10px; border-bottom: 1px solid #ddd;\">TR 0500 0100 2211 9722 2708 5001<\/td>\n            <\/tr>\n            <tr style=\"background: #f9f9f9; color: #444;\">\n                <td style=\"padding: 10px; border-bottom: 1px solid #ddd;\">US Dollar<\/td>\n                <td style=\"padding: 10px; border-bottom: 1px solid #ddd;\">2211-97222708-5002<\/td>\n                <td style=\"padding: 10px; border-bottom: 1px solid #ddd;\">TR 7500 0100 2211 9722 2708 5002<\/td>\n            <\/tr>\n            <tr style=\"background: #fff; color: #444;\">\n                <td style=\"padding: 10px;\">Euro<\/td>\n                <td style=\"padding: 10px;\">2211-97222708-5003<\/td>\n                <td style=\"padding: 10px;\">TR 4800 0100 2211 9722 2708 5003<\/td>\n            <\/tr>\n        <\/tbody>\n    <\/table>\n\n    <a href=\"https:\/\/www.odakdernegi.org\/en\/bagis\/\" target=\"_blank\" style=\"display: inline-block; background: #d6642c; color: white; padding: 12px 24px; font-size: 18px; font-weight: bold; border-radius: 6px; text-decoration: none; margin-top: 20px; box-shadow: 0px 3px 8px rgba(0,0,0,0.2); transition: 0.3s;\">\n        Donate\n    <\/a>\n<\/div>\n\t\t\t\t\t\t\t\t<\/div>\n\t\t\t\t<\/div>\n\t\t\t\t\t<\/div>\n\t\t<\/div>\n\t\t\t\t\t<\/div>\n\t\t<\/section>\n\t\t\t\t<\/div>","protected":false},"excerpt":{"rendered":"<p>Ba\u011f\u0131\u015f Yap, Umudu Ye\u015fert! Odak Derne\u011fi olarak, iyili\u011fe ortak olma arzunuz i\u00e7in en derin te\u015fekk\u00fcrlerimizi sunar\u0131z. Ba\u011f\u0131\u015f\u0131n\u0131z, umudu ye\u015fertip hayatlar\u0131 d\u00f6n\u00fc\u015ft\u00fcrme yolculu\u011fumuzda bize g\u00fc\u00e7 veriyor. Desteklerinizi resmile\u015ftirmek i\u00e7in l\u00fctfen a\u015fa\u011f\u0131daki ba\u011f\u0131\u015f formunu doldurunuz. Ba\u011f\u0131\u015f s\u00fcrecinizi kolayla\u015ft\u0131rmak ad\u0131na, banka hesap bilgilerimizi sizlerle payla\u015f\u0131yoruz. G\u00fcvence alt\u0131na al\u0131nan katk\u0131lar\u0131n\u0131z, yaln\u0131zca belirtti\u011finiz ama\u00e7 do\u011frultusunda titizlikle kullan\u0131lacak ve gizlilikle korunacakt\u0131r. [&hellip;]<\/p>","protected":false},"author":1,"featured_media":0,"parent":0,"menu_order":0,"comment_status":"closed","ping_status":"closed","template":"elementor_header_footer","meta":{"_acf_changed":false,"give_campaign_id":0,"footnotes":""},"class_list":["post-17872","page","type-page","status-publish","hentry","entry"],"acf":[],"campaignId":"","_links":{"self":[{"href":"https:\/\/www.odakdernegi.org\/en\/wp-json\/wp\/v2\/pages\/17872","targetHints":{"allow":["GET"]}}],"collection":[{"href":"https:\/\/www.odakdernegi.org\/en\/wp-json\/wp\/v2\/pages"}],"about":[{"href":"https:\/\/www.odakdernegi.org\/en\/wp-json\/wp\/v2\/types\/page"}],"author":[{"embeddable":true,"href":"https:\/\/www.odakdernegi.org\/en\/wp-json\/wp\/v2\/users\/1"}],"replies":[{"embeddable":true,"href":"https:\/\/www.odakdernegi.org\/en\/wp-json\/wp\/v2\/comments?post=17872"}],"version-history":[{"count":118,"href":"https:\/\/www.odakdernegi.org\/en\/wp-json\/wp\/v2\/pages\/17872\/revisions"}],"predecessor-version":[{"id":18517,"href":"https:\/\/www.odakdernegi.org\/en\/wp-json\/wp\/v2\/pages\/17872\/revisions\/18517"}],"wp:attachment":[{"href":"https:\/\/www.odakdernegi.org\/en\/wp-json\/wp\/v2\/media?parent=17872"}],"curies":[{"name":"wp","href":"https:\/\/api.w.org\/{rel}","templated":true}]}}