{"id":17693,"date":"2023-01-12T14:17:49","date_gmt":"2023-01-12T11:17:49","guid":{"rendered":"https:\/\/www.odakdernegi.org\/?page_id=17693"},"modified":"2025-09-28T12:24:49","modified_gmt":"2025-09-28T09:24:49","slug":"hakkimizda","status":"publish","type":"page","link":"https:\/\/www.odakdernegi.org\/en\/hakkimizda\/","title":{"rendered":"About us"},"content":{"rendered":"<div data-elementor-type=\"wp-page\" data-elementor-id=\"17693\" class=\"elementor elementor-17693\" data-elementor-post-type=\"page\">\n\t\t\t\t\t\t<section class=\"elementor-section elementor-top-section elementor-element elementor-element-500c5e9 elementor-section-boxed elementor-section-height-default elementor-section-height-default\" data-id=\"500c5e9\" data-element_type=\"section\" data-settings=\"{&quot;background_background&quot;:&quot;classic&quot;}\">\n\t\t\t\t\t\t<div class=\"elementor-container elementor-column-gap-extended\">\n\t\t\t\t\t<div class=\"elementor-column elementor-col-100 elementor-top-column elementor-element elementor-element-40e4d85\" data-id=\"40e4d85\" data-element_type=\"column\">\n\t\t\t<div class=\"elementor-widget-wrap\">\n\t\t\t\t\t\t\t<\/div>\n\t\t<\/div>\n\t\t\t\t\t<\/div>\n\t\t<\/section>\n\t\t\t\t<section class=\"elementor-section elementor-top-section elementor-element elementor-element-49c7bbc elementor-section-boxed elementor-section-height-default elementor-section-height-default\" data-id=\"49c7bbc\" data-element_type=\"section\">\n\t\t\t\t\t\t<div class=\"elementor-container elementor-column-gap-default\">\n\t\t\t\t\t<div class=\"elementor-column elementor-col-100 elementor-top-column elementor-element elementor-element-3a129dc\" data-id=\"3a129dc\" data-element_type=\"column\">\n\t\t\t<div class=\"elementor-widget-wrap elementor-element-populated\">\n\t\t\t\t\t\t<div class=\"elementor-element elementor-element-58e609c elementor-widget elementor-widget-be-image-box\" data-id=\"58e609c\" data-element_type=\"widget\" data-widget_type=\"be-image-box.skin-ampato\">\n\t\t\t\t<div class=\"elementor-widget-container\">\n\t\t\t\t\t\t\t\t<div class=\"elementor-image-box elementor-image-box--skin-ampato\">\r\n\t\t\r\n\t\t<div class=\"elementor-image-box__image\">\r\n\t\t\t<img decoding=\"async\" src=\"https:\/\/www.odakdernegi.org\/wp-content\/uploads\/2024\/04\/WhatsApp-Image-2024-04-13-at-00.26.09_c5f70509.jpg\" alt=\"\"\/>\t\t<\/div>\r\n\r\n\t\t<div class=\"elementor-image-box__content\">\r\n\t\t\t<h3 class=\"elementor-image-box__title\"><a href=\"https:\/\/www.odakdernegi.org\/en\/odak-booklet-2\/\">Odak Information Brochure <\/a><\/h3><a class=\"elementor-image-box__read-more\" href=\"https:\/\/www.odakdernegi.org\/en\/odak-booklet-2\/\">Click to download<svg class=\"svg-icon\" width=\"16\" height=\"16\" aria-hidden=\"true\" role=\"img\" focusable=\"false\" xmlns=\"http:\/\/www.w3.org\/2000\/svg\" xmlns:xlink=\"http:\/\/www.w3.org\/1999\/xlink\" version=\"1.1\" id=\"Capa_1\" x=\"0px\" y=\"0px\" viewbox=\"0 0 493.356 493.356\" style=\"enable-background:new 0 0 493.356 493.356;\" xml:space=\"preserve\"><path d=\"M490.498,239.278l-109.632-99.929c-3.046-2.474-6.376-2.95-9.993-1.427c-3.613,1.525-5.427,4.283-5.427,8.282v63.954H9.136   c-2.666,0-4.856,0.855-6.567,2.568C0.859,214.438,0,216.628,0,219.292v54.816c0,2.663,0.855,4.853,2.568,6.563   c1.715,1.712,3.905,2.567,6.567,2.567h356.313v63.953c0,3.812,1.817,6.57,5.428,8.278c3.62,1.529,6.95,0.951,9.996-1.708   l109.632-101.077c1.903-1.902,2.852-4.182,2.852-6.849C493.356,243.367,492.401,241.181,490.498,239.278z\"\/><\/svg><\/a>\t\t<\/div>\r\n\r\n\t\t\t\t\t<\/div>\r\n\t\t\t\t\t\t<\/div>\n\t\t\t\t<\/div>\n\t\t\t\t<div class=\"elementor-element elementor-element-fccc058 elementor-widget elementor-widget-text-editor\" data-id=\"fccc058\" data-element_type=\"widget\" data-widget_type=\"text-editor.default\">\n\t\t\t\t<div class=\"elementor-widget-container\">\n\t\t\t\t\t\t\t\t\t<p style=\"text-align: justify;\">Dear Friends and Valued Supporters,<\/p><p style=\"text-align: left;\">Inspired by the rich historical and cultural fabric of Ankara, the Odak Movement was launched in 2018 with a comprehensive vision focused on societal progress and spreading goodness everywhere. This initiative, registered with the official identity number 06-133-104, aims to touch every segment of society and prioritize goodness with realistic and achievable solutions. In this process, 'focus' is the cornerstone of our efforts to create lasting and positive changes in our community.<\/p><p style=\"text-align: left;\">At the Odak Movement, every step we take is aligned with our vision of creating a fair, equitable, and livable world. Our efforts to empower civil society and increase social solidarity are among the fundamental dynamics that will help us achieve this grand goal. In this journey, we aim to add value to the lives of individuals from various segments of society, discover their potential, and seize the opportunity for collective growth. Through activities guided by the power of focus, we are taking determined steps towards building a better future for society.<\/p><p style=\"text-align: left;\">As the Odak Movement, we have taken on the mission of improving individuals' quality of life by providing them with basic necessities such as shelter, nutrition, cleanliness, and clean water, as well as education and social support. For us, every individual is a global citizen deserving of hope and happiness. Therefore, through our strong and interactive community networks, we strive to create meaningful and lasting transformations in the lives of our people.<\/p><p style=\"text-align: left;\">Our events, where knowledge and experience are shared, stand as cornerstones prioritizing the development of civil society's capacity and the strengthening of social solidarity. We encourage in-depth dialogues on social and scientific topics, sparking participants' thinking and opening new horizons in the light of knowledge. These platforms bring together experts, academics, thinkers, and community leaders from various disciplines, facilitating the exchange of diverse perspectives and innovative ideas.<\/p><p style=\"text-align: left;\">Our aim is to embrace civil society dynamics, offer creative solutions to societal issues, and encourage participation from every segment of society. Our events inform diverse segments of society, reinforce the sense of social responsibility, and empower civil society. By aiming to contribute to societal development at both local and national levels, our events strive to foster a more effective, dynamic, and participatory civil society. This endeavor is a privilege for us at the Focus Movement.<\/p><p style=\"text-align: left;\">In this journey of transformation, each supporter and volunteer standing with us is a precious asset to the Focus Movement. Together, we focus on spreading hope and goodness to a wider community, uniting our hearts and hopes around a single purpose. Through the changes we achieve together, we touch lives and increase smiles on people's faces. Hand in hand with our supporters and volunteers, we stride confidently towards a brighter future, touching more lives with every step we take.<\/p><p style=\"text-align: left;\">Sincerely Yours,<br \/>Sad\u0131k S\u00f6zer \u00c7izmeci<br \/>Board Member &amp; Chairperson<\/p>\t\t\t\t\t\t\t\t<\/div>\n\t\t\t\t<\/div>\n\t\t\t\t\t<\/div>\n\t\t<\/div>\n\t\t\t\t\t<\/div>\n\t\t<\/section>\n\t\t\t\t<\/div>","protected":false},"excerpt":{"rendered":"<p>Odak Derne\u011fi Tan\u0131t\u0131m Bro\u015f\u00fcr\u00fc Dosyay\u0131 indirmek i\u00e7in t\u0131klay\u0131n\u0131z Sevgili Dostlar\u0131m\u0131z ve De\u011ferli Destek\u00e7ilerimiz, Ankara&#8217;n\u0131n zengin tarihi ve k\u00fclt\u00fcrel dokusundan ilham alarak 2018 y\u0131l\u0131nda hayata ge\u00e7irilen Odak Hareketi, toplumsal ilerlemeye ve iyili\u011fin her yere yay\u0131lmas\u0131na odaklanan kapsaml\u0131 bir vizyonla hareket etmektedir. 06-133-104 dernek k\u00fct\u00fck numaras\u0131 ile resmi bir kimlik kazanm\u0131\u015f bu giri\u015fim, toplumun her kesimine dokunmay\u0131 [&hellip;]<\/p>","protected":false},"author":1,"featured_media":18057,"parent":0,"menu_order":0,"comment_status":"closed","ping_status":"closed","template":"elementor_header_footer","meta":{"_acf_changed":false,"give_campaign_id":0,"footnotes":""},"class_list":["post-17693","page","type-page","status-publish","has-post-thumbnail","hentry","entry"],"acf":[],"campaignId":"","_links":{"self":[{"href":"https:\/\/www.odakdernegi.org\/en\/wp-json\/wp\/v2\/pages\/17693","targetHints":{"allow":["GET"]}}],"collection":[{"href":"https:\/\/www.odakdernegi.org\/en\/wp-json\/wp\/v2\/pages"}],"about":[{"href":"https:\/\/www.odakdernegi.org\/en\/wp-json\/wp\/v2\/types\/page"}],"author":[{"embeddable":true,"href":"https:\/\/www.odakdernegi.org\/en\/wp-json\/wp\/v2\/users\/1"}],"replies":[{"embeddable":true,"href":"https:\/\/www.odakdernegi.org\/en\/wp-json\/wp\/v2\/comments?post=17693"}],"version-history":[{"count":86,"href":"https:\/\/www.odakdernegi.org\/en\/wp-json\/wp\/v2\/pages\/17693\/revisions"}],"predecessor-version":[{"id":18555,"href":"https:\/\/www.odakdernegi.org\/en\/wp-json\/wp\/v2\/pages\/17693\/revisions\/18555"}],"wp:featuredmedia":[{"embeddable":true,"href":"https:\/\/www.odakdernegi.org\/en\/wp-json\/wp\/v2\/media\/18057"}],"wp:attachment":[{"href":"https:\/\/www.odakdernegi.org\/en\/wp-json\/wp\/v2\/media?parent=17693"}],"curies":[{"name":"wp","href":"https:\/\/api.w.org\/{rel}","templated":true}]}}