{"id":17693,"date":"2023-01-12T14:17:49","date_gmt":"2023-01-12T11:17:49","guid":{"rendered":"https:\/\/www.odakdernegi.org\/?page_id=17693"},"modified":"2025-09-28T12:24:49","modified_gmt":"2025-09-28T09:24:49","slug":"hakkimizda","status":"publish","type":"page","link":"http:\/\/www.odakdernegi.org\/tr\/hakkimizda\/","title":{"rendered":"Hakk\u0131m\u0131zda"},"content":{"rendered":"\t\t<div data-elementor-type=\"wp-page\" data-elementor-id=\"17693\" class=\"elementor elementor-17693\" data-elementor-post-type=\"page\">\n\t\t\t\t\t\t<section class=\"elementor-section elementor-top-section elementor-element elementor-element-500c5e9 elementor-section-boxed elementor-section-height-default elementor-section-height-default\" data-id=\"500c5e9\" data-element_type=\"section\" data-settings=\"{&quot;background_background&quot;:&quot;classic&quot;}\">\n\t\t\t\t\t\t<div class=\"elementor-container elementor-column-gap-extended\">\n\t\t\t\t\t<div class=\"elementor-column elementor-col-100 elementor-top-column elementor-element elementor-element-40e4d85\" data-id=\"40e4d85\" data-element_type=\"column\">\n\t\t\t<div class=\"elementor-widget-wrap\">\n\t\t\t\t\t\t\t<\/div>\n\t\t<\/div>\n\t\t\t\t\t<\/div>\n\t\t<\/section>\n\t\t\t\t<section class=\"elementor-section elementor-top-section elementor-element elementor-element-49c7bbc elementor-section-boxed elementor-section-height-default elementor-section-height-default\" data-id=\"49c7bbc\" data-element_type=\"section\">\n\t\t\t\t\t\t<div class=\"elementor-container elementor-column-gap-default\">\n\t\t\t\t\t<div class=\"elementor-column elementor-col-100 elementor-top-column elementor-element elementor-element-3a129dc\" data-id=\"3a129dc\" data-element_type=\"column\">\n\t\t\t<div class=\"elementor-widget-wrap elementor-element-populated\">\n\t\t\t\t\t\t<div class=\"elementor-element elementor-element-58e609c elementor-widget elementor-widget-be-image-box\" data-id=\"58e609c\" data-element_type=\"widget\" data-widget_type=\"be-image-box.skin-ampato\">\n\t\t\t\t<div class=\"elementor-widget-container\">\n\t\t\t\t\t\t\t\t<div class=\"elementor-image-box elementor-image-box--skin-ampato\">\r\n\t\t\r\n\t\t<div class=\"elementor-image-box__image\">\r\n\t\t\t<img decoding=\"async\" src=\"https:\/\/www.odakdernegi.org\/wp-content\/uploads\/2024\/04\/WhatsApp-Image-2024-04-13-at-00.26.09_c5f70509.jpg\" alt=\"\"\/>\t\t<\/div>\r\n\r\n\t\t<div class=\"elementor-image-box__content\">\r\n\t\t\t<h3 class=\"elementor-image-box__title\"><a href=\"https:\/\/www.odakdernegi.org\/odak-booklet-2\/\">Odak Derne\u011fi Tan\u0131t\u0131m Bro\u015f\u00fcr\u00fc <\/a><\/h3><a class=\"elementor-image-box__read-more\" href=\"https:\/\/www.odakdernegi.org\/odak-booklet-2\/\">Dosyay\u0131 indirmek i\u00e7in t\u0131klay\u0131n\u0131z<svg class=\"svg-icon\" width=\"16\" height=\"16\" aria-hidden=\"true\" role=\"img\" focusable=\"false\" xmlns=\"http:\/\/www.w3.org\/2000\/svg\" xmlns:xlink=\"http:\/\/www.w3.org\/1999\/xlink\" version=\"1.1\" id=\"Capa_1\" x=\"0px\" y=\"0px\" width=\"493.356px\" height=\"493.356px\" viewBox=\"0 0 493.356 493.356\" style=\"enable-background:new 0 0 493.356 493.356;\" xml:space=\"preserve\"><path d=\"M490.498,239.278l-109.632-99.929c-3.046-2.474-6.376-2.95-9.993-1.427c-3.613,1.525-5.427,4.283-5.427,8.282v63.954H9.136   c-2.666,0-4.856,0.855-6.567,2.568C0.859,214.438,0,216.628,0,219.292v54.816c0,2.663,0.855,4.853,2.568,6.563   c1.715,1.712,3.905,2.567,6.567,2.567h356.313v63.953c0,3.812,1.817,6.57,5.428,8.278c3.62,1.529,6.95,0.951,9.996-1.708   l109.632-101.077c1.903-1.902,2.852-4.182,2.852-6.849C493.356,243.367,492.401,241.181,490.498,239.278z\"\/><\/svg><\/a>\t\t<\/div>\r\n\r\n\t\t\t\t\t<\/div>\r\n\t\t\t\t\t\t<\/div>\n\t\t\t\t<\/div>\n\t\t\t\t<div class=\"elementor-element elementor-element-fccc058 elementor-widget elementor-widget-text-editor\" data-id=\"fccc058\" data-element_type=\"widget\" data-widget_type=\"text-editor.default\">\n\t\t\t\t<div class=\"elementor-widget-container\">\n\t\t\t\t\t\t\t\t\t<p style=\"text-align: justify;\">Sevgili Dostlar\u0131m\u0131z ve De\u011ferli Destek\u00e7ilerimiz,<\/p><p style=\"text-align: left;\">Ankara&#8217;n\u0131n zengin tarihi ve k\u00fclt\u00fcrel dokusundan ilham alarak 2018 y\u0131l\u0131nda hayata ge\u00e7irilen Odak Hareketi, toplumsal ilerlemeye ve iyili\u011fin her yere yay\u0131lmas\u0131na odaklanan kapsaml\u0131 bir vizyonla hareket etmektedir. 06-133-104 dernek k\u00fct\u00fck numaras\u0131 ile resmi bir kimlik kazanm\u0131\u015f bu giri\u015fim, toplumun her kesimine dokunmay\u0131 ve ger\u00e7ek\u00e7i, uygulanabilir \u00e7\u00f6z\u00fcmlerle iyili\u011fi merkeze almay\u0131 kendine hedef olarak se\u00e7mi\u015ftir. Bu s\u00fcre\u00e7te, &#8216;odaklanmak&#8217; bizim i\u00e7in, toplumumuzda kal\u0131c\u0131 ve pozitif de\u011fi\u015fimler yaratma \u00e7abam\u0131z\u0131n temel ta\u015f\u0131d\u0131r.<\/p><p style=\"text-align: left;\">Odak Hareketi olarak belirledi\u011fimiz her ad\u0131m, adil, e\u015fit ve ya\u015fanabilir bir d\u00fcnya yaratma vizyonumuz do\u011frultusunda at\u0131lmaktad\u0131r. Sivil toplumun g\u00fc\u00e7lendirilmesi ve toplumsal dayan\u0131\u015fman\u0131n art\u0131r\u0131lmas\u0131 y\u00f6n\u00fcndeki \u00e7al\u0131\u015fmalar\u0131m\u0131z, bu b\u00fcy\u00fck hedefe ula\u015fmam\u0131z\u0131 sa\u011flayacak temel dinamikler aras\u0131nda yer almaktad\u0131r. Bu yolculukta, toplumun farkl\u0131 kesimlerinden bireylerin hayatlar\u0131na de\u011fer katmay\u0131, onlar\u0131n i\u00e7indeki potansiyeli ke\u015ffetmeyi ve hep birlikte b\u00fcy\u00fcme f\u0131rsat\u0131n\u0131 yakalamay\u0131 ama\u00e7l\u0131yoruz. Odaklanman\u0131n g\u00fcc\u00fcyle y\u00f6nlendirdi\u011fimiz faaliyetlerimiz arac\u0131l\u0131\u011f\u0131yla, toplum i\u00e7in daha iyi bir gelece\u011fi in\u015fa etme noktas\u0131nda kararl\u0131 ad\u0131mlar at\u0131yoruz.<\/p><p style=\"text-align: left;\">Odak Hareketi olarak, bireylerin ya\u015fam kalitesini y\u00fckseltmeyi, onlara bar\u0131nma, beslenme, temizlik ve temiz su gibi temel ihtiya\u00e7lar\u0131n\u0131n yan\u0131 s\u0131ra e\u011fitim ve sosyal destek sunmay\u0131 g\u00f6rev edindik. Bizim i\u00e7in her insan, umut ve mutlulu\u011fa ula\u015fmay\u0131 hak eden bir d\u00fcnya vatanda\u015f\u0131d\u0131r. Bu y\u00fczden, g\u00fc\u00e7l\u00fc ve etkile\u015fimli topluluk a\u011flar\u0131m\u0131z arac\u0131l\u0131\u011f\u0131yla, insanlar\u0131m\u0131z\u0131n hayatlar\u0131nda anlaml\u0131 ve kal\u0131c\u0131 d\u00f6n\u00fc\u015f\u00fcmler yaratmak i\u00e7in \u00e7al\u0131\u015f\u0131yoruz.<\/p><p style=\"text-align: left;\">Bilgi ve deneyimin payla\u015f\u0131ld\u0131\u011f\u0131 etkinliklerimiz, sivil toplumun kapasitesinin geli\u015ftirilmesini ve toplumsal dayan\u0131\u015fman\u0131n g\u00fc\u00e7lendirilmesini \u00f6nceliklendiren temel ta\u015flar\u0131m\u0131zdand\u0131r. Sosyal ve bilimsel konularda derinlemesine diyaloglar\u0131 te\u015fvik ediyoruz; konferanslar, sempozyumlar, seminerler ve panellerle, kat\u0131l\u0131mc\u0131lar\u0131 d\u00fc\u015f\u00fcnmeye sevk ediyor, bilginin \u0131\u015f\u0131\u011f\u0131nda yeni ufuklar a\u00e7\u0131yoruz. Bu platformlar, \u00e7e\u015fitli disiplinlerden uzmanlar\u0131, akademisyenleri, d\u00fc\u015f\u00fcn\u00fcrleri ve toplum liderlerini bir araya getirerek, \u00e7ok y\u00f6nl\u00fc perspektiflerin ve yenilik\u00e7i fikirlerin payla\u015f\u0131m\u0131n\u0131 sa\u011flar.<\/p><p style=\"text-align: left;\">Amac\u0131m\u0131z, sivil toplum dinamiklerini kucaklamak, toplumsal sorunlara yarat\u0131c\u0131 \u00e7\u00f6z\u00fcmler sunmak ve bu s\u00fcre\u00e7te toplumun her kesiminden bireyin kat\u0131l\u0131m\u0131n\u0131 te\u015fvik etmektir. Etkinliklerimiz, geni\u015f toplum kesimlerini bilgilendirirken, sosyal sorumluluk anlay\u0131\u015f\u0131n\u0131 peki\u015ftiriyor ve sivil toplumun g\u00fcc\u00fcn\u00fc art\u0131r\u0131yor. Etkinliklerimiz, hem yerel hem de ulusal d\u00fczeyde toplumsal geli\u015fime katk\u0131da bulunmay\u0131 hedeflerken, sivil toplumun daha etkili, dinamik ve kat\u0131l\u0131mc\u0131 bir yap\u0131ya kavu\u015fmas\u0131n\u0131 sa\u011flamak, Odak Hareketi olarak bizim i\u00e7in bir ayr\u0131cal\u0131kt\u0131r.<\/p><p style=\"text-align: left;\">Bu d\u00f6n\u00fc\u015f\u00fcm yolculu\u011funda bizimle birlikte olan her bir destek\u00e7imiz ve g\u00f6n\u00fcll\u00fcm\u00fcz, Odak Hareketi&#8217;nin en de\u011ferli varl\u0131klar\u0131d\u0131r. Sizlerle birlikte, umudu ve iyili\u011fi daha geni\u015f bir \u00e7evreye yayma konusunda odaklan\u0131yoruz, kalplerimizi ve umutlar\u0131m\u0131z\u0131 tek bir ama\u00e7 etraf\u0131nda birle\u015ftiriyoruz. Birlikte ger\u00e7ekle\u015ftirdi\u011fimiz bu de\u011fi\u015fimlerle, ya\u015famlara dokunuyor ve insanlar\u0131n y\u00fczlerindeki g\u00fcl\u00fcmsemeleri art\u0131r\u0131yoruz. Destek\u00e7ilerimiz ve g\u00f6n\u00fcll\u00fclerimizle birlikte, el ele vererek, daha parlak bir gelece\u011fe do\u011fru emin ad\u0131mlarla ilerliyoruz, her ad\u0131m\u0131m\u0131zda daha fazla hayata dokunuyoruz.<\/p><p style=\"text-align: left;\">Sevgi ve Sayg\u0131lar\u0131m\u0131zla,<br \/>Sad\u0131k S\u00f6zer \u00c7izmeci<br \/>Odak-Der Y\u00f6netim Kurulu Ba\u015fkan\u0131<\/p>\t\t\t\t\t\t\t\t<\/div>\n\t\t\t\t<\/div>\n\t\t\t\t\t<\/div>\n\t\t<\/div>\n\t\t\t\t\t<\/div>\n\t\t<\/section>\n\t\t\t\t<\/div>\n\t\t","protected":false},"excerpt":{"rendered":"<p>Odak Derne\u011fi Tan\u0131t\u0131m Bro\u015f\u00fcr\u00fc Dosyay\u0131 indirmek i\u00e7in t\u0131klay\u0131n\u0131z Sevgili Dostlar\u0131m\u0131z ve De\u011ferli Destek\u00e7ilerimiz, Ankara&#8217;n\u0131n zengin tarihi ve k\u00fclt\u00fcrel dokusundan ilham alarak 2018 y\u0131l\u0131nda hayata ge\u00e7irilen Odak Hareketi, toplumsal ilerlemeye ve iyili\u011fin her yere yay\u0131lmas\u0131na odaklanan kapsaml\u0131 bir vizyonla hareket etmektedir. 06-133-104 dernek k\u00fct\u00fck numaras\u0131 ile resmi bir kimlik kazanm\u0131\u015f bu giri\u015fim, toplumun her kesimine dokunmay\u0131 [&hellip;]<\/p>\n","protected":false},"author":1,"featured_media":18057,"parent":0,"menu_order":0,"comment_status":"closed","ping_status":"closed","template":"elementor_header_footer","meta":{"_acf_changed":false,"give_campaign_id":0,"footnotes":""},"class_list":["post-17693","page","type-page","status-publish","has-post-thumbnail","hentry","entry"],"acf":[],"campaignId":"","_links":{"self":[{"href":"http:\/\/www.odakdernegi.org\/tr\/wp-json\/wp\/v2\/pages\/17693","targetHints":{"allow":["GET"]}}],"collection":[{"href":"http:\/\/www.odakdernegi.org\/tr\/wp-json\/wp\/v2\/pages"}],"about":[{"href":"http:\/\/www.odakdernegi.org\/tr\/wp-json\/wp\/v2\/types\/page"}],"author":[{"embeddable":true,"href":"http:\/\/www.odakdernegi.org\/tr\/wp-json\/wp\/v2\/users\/1"}],"replies":[{"embeddable":true,"href":"http:\/\/www.odakdernegi.org\/tr\/wp-json\/wp\/v2\/comments?post=17693"}],"version-history":[{"count":86,"href":"http:\/\/www.odakdernegi.org\/tr\/wp-json\/wp\/v2\/pages\/17693\/revisions"}],"predecessor-version":[{"id":18555,"href":"http:\/\/www.odakdernegi.org\/tr\/wp-json\/wp\/v2\/pages\/17693\/revisions\/18555"}],"wp:featuredmedia":[{"embeddable":true,"href":"http:\/\/www.odakdernegi.org\/tr\/wp-json\/wp\/v2\/media\/18057"}],"wp:attachment":[{"href":"http:\/\/www.odakdernegi.org\/tr\/wp-json\/wp\/v2\/media?parent=17693"}],"curies":[{"name":"wp","href":"https:\/\/api.w.org\/{rel}","templated":true}]}}